{"id":26969,"date":"2025-12-20T15:34:49","date_gmt":"2025-12-20T14:34:49","guid":{"rendered":"https:\/\/youarepretty.de\/b2b\/?post_type=product&#038;p=26969"},"modified":"2025-12-20T15:34:49","modified_gmt":"2025-12-20T14:34:49","slug":"sebum-balance-acne-serum-pure-drops","status":"publish","type":"product","link":"https:\/\/youarepretty.de\/b2b\/shop\/sebum-balance-acne-serum-pure-drops\/","title":{"rendered":"SEBUM BALANCE ACNE SERUM PURE &#038; DROPS"},"content":{"rendered":"<p>Hochleistungskonzentrat f\u00fcr die gl\u00e4nzende, \u00f6lige und zu Unreinheiten neigende Haut, was sowohl vorbeugend als Drops als auch pur auf der unreinen Stelle genutzt werden kann. Die effektive Formulierung kombiniert kraftvolle Salicyl- und Mandels\u00e4ure mit Zink PCA und wertvollen Pflanzenextrakten aus Minze, Melisse und Weidenrinde, um \u00fcbersch\u00fcssigen Talg zu regulieren, Entz\u00fcndungen zu hemmen und die Feuchtigkeitsbarriere zu bewahren. S\u00fc\u00dfmandels\u00e4ure und die aus der Weidenrinde gewonnene Salicyls\u00e4ure wirken antibakteriell, antientz\u00fcndlich und wundheilungsf\u00f6rdernd. Zinc PCA stellt eine besonders effektive Synergie f\u00fcr unreine Haut dar, da es antibakteriell und gleichzeitig feuchtigkeitsspenden wirkt. Melisse und Minze enthalten wertvolle Antioxidantien, die freie Radikale neutralisieren und vor Umweltstress sch\u00fctzen. Sie wirken feuchtigkeitsspendend und antimikrobiell und verhindern somit die Entstehung von Akne. F\u00fcr ein reines, gesundes, erfrischtes Hautbild, frei von Unreinheiten und Unterlagerungen.<\/p>\n","protected":false},"excerpt":{"rendered":"<p style=\"font-weight: 400;\">AQUA, PENTYLENE GLYCOL, MANDELIC ACID, GLYCERIN, ZINC PCA, METHYLPROPANEDIOL, POLYGLYCERYL-4 CAPRATE, XANTHAN GUM, ETHYLHEXYLGLYCERIN, PHENOXYETHANOL, MENTHA HAPLOCALYX EXTRACT, MENTHYL LACTATE, 4-TERPINEOL, PRUNUS AMYGDALUS DULCIS FRUIT EXTRACT, PRUNUS AMYGDALUS DULCIS OIL, ZEA MAYS STARCH, SALICYLIC ACID, MELISSA OFFICINALIS LEAF EXTRACT, SALIX ALBA (WILLOW) BARK EXTRACT, GLUCONOLACTONE, SODIUM BENZOATE, POTASSIUM SORBATE, TOCOPHEROL, MENTHYL LACTYL-LACTIC, CALCIUM, GLUCONATE, ALCOHOL<\/p>\n<p style=\"font-weight: 400;\"><strong>\u00a0<\/strong><\/p>\n","protected":false},"featured_media":27057,"template":"","meta":[],"product_brand":[],"product_cat":[300,293,278],"product_tag":[],"class_list":{"0":"post-26969","1":"product","2":"type-product","3":"status-publish","4":"has-post-thumbnail","6":"product_cat-neurokosmetik","7":"product_cat-sebum-balance-acne-serum-pure-drops","8":"product_cat-serum","10":"first","11":"instock","12":"taxable","13":"shipping-taxable","14":"purchasable","15":"product-type-simple"},"jetpack_sharing_enabled":true,"_links":{"self":[{"href":"https:\/\/youarepretty.de\/b2b\/wp-json\/wp\/v2\/product\/26969","targetHints":{"allow":["GET"]}}],"collection":[{"href":"https:\/\/youarepretty.de\/b2b\/wp-json\/wp\/v2\/product"}],"about":[{"href":"https:\/\/youarepretty.de\/b2b\/wp-json\/wp\/v2\/types\/product"}],"version-history":[{"count":5,"href":"https:\/\/youarepretty.de\/b2b\/wp-json\/wp\/v2\/product\/26969\/revisions"}],"predecessor-version":[{"id":27274,"href":"https:\/\/youarepretty.de\/b2b\/wp-json\/wp\/v2\/product\/26969\/revisions\/27274"}],"wp:featuredmedia":[{"embeddable":true,"href":"https:\/\/youarepretty.de\/b2b\/wp-json\/wp\/v2\/media\/27057"}],"wp:attachment":[{"href":"https:\/\/youarepretty.de\/b2b\/wp-json\/wp\/v2\/media?parent=26969"}],"wp:term":[{"taxonomy":"product_brand","embeddable":true,"href":"https:\/\/youarepretty.de\/b2b\/wp-json\/wp\/v2\/product_brand?post=26969"},{"taxonomy":"product_cat","embeddable":true,"href":"https:\/\/youarepretty.de\/b2b\/wp-json\/wp\/v2\/product_cat?post=26969"},{"taxonomy":"product_tag","embeddable":true,"href":"https:\/\/youarepretty.de\/b2b\/wp-json\/wp\/v2\/product_tag?post=26969"}],"curies":[{"name":"wp","href":"https:\/\/api.w.org\/{rel}","templated":true}]}}