{"id":26963,"date":"2025-12-20T15:34:49","date_gmt":"2025-12-20T14:34:49","guid":{"rendered":"https:\/\/youarepretty.de\/b2b\/?post_type=product&#038;p=26963"},"modified":"2025-12-20T15:34:49","modified_gmt":"2025-12-20T14:34:49","slug":"sebum-balance-day-night-cream","status":"publish","type":"product","link":"https:\/\/youarepretty.de\/b2b\/shop\/sebum-balance-day-night-cream\/","title":{"rendered":"SEBUM BALANCE DAY + NIGHT CREAM"},"content":{"rendered":"<p>Die intelligente Sebum Balance Tag- und Nacht-Cream ist eine 24-Stunden-Pflege, welche die Talgproduktion reguliert, die Hautstruktur verfeinert und unruhige Hautstellen beruhigt. Mit pflanzlicher Salicyls\u00e4ure und Extrakten der Silberweide werden verstopfte Poren befreit, das Sebum ausbalanciert und Unreinheiten reduziert. Lotusbl\u00fcte und Wasserlilie spenden langanhaltende Feuchtigkeit ohne zu Fetten, st\u00e4rken die Widerstandskraft der Haut und sorgt f\u00fcr einen klaren, matten und frischen Teint \u2013 rund um die Uhr. Die wertvollen Neurowirkstoffe haben durchblutungsf\u00f6rdernde und kl\u00e4rende Eigenschaften f\u00fcr ein frisches, ausgeglichenes und reines Hautbild. Ideal f\u00fcr fettige, zu Unreinheiten neigende Haut, Akne oder Psoriasis.<\/p>\n","protected":false},"excerpt":{"rendered":"<p>AQUA, CAPRILIC CAPRIC TRIGLYCERIDE, CETEARYLALCOHOL, METHYLPROPANEDIOL, SORBITOL, CETEARETH-20, PROPANEDIOL, CAPRYLYL GLYCOL, PHENYL PROPANOL, STEARIC ACID, GLYCERIN, 4-TERPINEOL, PARFUM, SALICYLIC ACID, SODIUM, HYDROXIDE, SALIX ALBA WILLOW BARK EXTRACT, NELUMBO NUCIFERA FLOWER EXTRACT, NYMPHAEA COERULEA FLOWER EXTRACT<\/p>\n","protected":false},"featured_media":27388,"template":"","meta":[],"product_brand":[],"product_cat":[277,300,287],"product_tag":[],"class_list":{"0":"post-26963","1":"product","2":"type-product","3":"status-publish","4":"has-post-thumbnail","6":"product_cat-gesichtscreme","7":"product_cat-neurokosmetik","8":"product_cat-sebum-balance-day-night-cream","10":"first","11":"instock","12":"taxable","13":"shipping-taxable","14":"purchasable","15":"product-type-simple"},"jetpack_sharing_enabled":true,"_links":{"self":[{"href":"https:\/\/youarepretty.de\/b2b\/wp-json\/wp\/v2\/product\/26963","targetHints":{"allow":["GET"]}}],"collection":[{"href":"https:\/\/youarepretty.de\/b2b\/wp-json\/wp\/v2\/product"}],"about":[{"href":"https:\/\/youarepretty.de\/b2b\/wp-json\/wp\/v2\/types\/product"}],"version-history":[{"count":4,"href":"https:\/\/youarepretty.de\/b2b\/wp-json\/wp\/v2\/product\/26963\/revisions"}],"predecessor-version":[{"id":27389,"href":"https:\/\/youarepretty.de\/b2b\/wp-json\/wp\/v2\/product\/26963\/revisions\/27389"}],"wp:featuredmedia":[{"embeddable":true,"href":"https:\/\/youarepretty.de\/b2b\/wp-json\/wp\/v2\/media\/27388"}],"wp:attachment":[{"href":"https:\/\/youarepretty.de\/b2b\/wp-json\/wp\/v2\/media?parent=26963"}],"wp:term":[{"taxonomy":"product_brand","embeddable":true,"href":"https:\/\/youarepretty.de\/b2b\/wp-json\/wp\/v2\/product_brand?post=26963"},{"taxonomy":"product_cat","embeddable":true,"href":"https:\/\/youarepretty.de\/b2b\/wp-json\/wp\/v2\/product_cat?post=26963"},{"taxonomy":"product_tag","embeddable":true,"href":"https:\/\/youarepretty.de\/b2b\/wp-json\/wp\/v2\/product_tag?post=26963"}],"curies":[{"name":"wp","href":"https:\/\/api.w.org\/{rel}","templated":true}]}}