{"id":26959,"date":"2025-12-20T15:34:50","date_gmt":"2025-12-20T14:34:50","guid":{"rendered":"https:\/\/youarepretty.de\/b2b\/?post_type=product&#038;p=26959"},"modified":"2025-12-20T15:34:50","modified_gmt":"2025-12-20T14:34:50","slug":"gentle-scrub-jojoba-peeling","status":"publish","type":"product","link":"https:\/\/youarepretty.de\/b2b\/shop\/gentle-scrub-jojoba-peeling\/","title":{"rendered":"GENTLE SCRUB JOJOBA PEELING"},"content":{"rendered":"<p>Unser sanftes Gentle Scrub Peeling ist ein Must-Have in jedem Skincare-Sortiment zu Hause. Es entfernt schonend abgestorbene Hautsch\u00fcppchen mithilfe feiner Jojoba-Perlen, ohne die Haut zu verletzen oder zu reizen. Verhornungen werden gel\u00f6st, Unreinheiten und Milien vorgebeugt, w\u00e4hrend die Haut optimal auf die Feuchtigkeitsaufnahme vorbereitet wird. Allantoin beruhigt irritierte Haut, Panthenol spendet langanhaltende Feuchtigkeit und Vitamin E wirkt antioxidativ sowie entz\u00fcndungshemmend. Die Haut wirkt rosig, frisch und vital, f\u00fchlt sich samtweich an und erscheint verfeinert mit sichtbar glatterer Textur.<\/p>\n","protected":false},"excerpt":{"rendered":"<p>AQUA, HYDROGENATED JOJOBA OIL, PENTYLENEGLYCOL, ALCOHOL DENAT, BETAINE, GLYCERIN, POLYGLYCERYL-4 CAPRATE, PHENOXYETHANOL, CARBOMER, PARFUM, PANTHENOL, SODIUM HYDROXIDE, ALLANTOIN, ETHYLHEXYLGLYCERIN, TOCOPHEROL<\/p>\n","protected":false},"featured_media":27280,"template":"","meta":[],"product_brand":[],"product_cat":[284,276,300],"product_tag":[],"class_list":{"0":"post-26959","1":"product","2":"type-product","3":"status-publish","4":"has-post-thumbnail","6":"product_cat-gentle-scrub-jojoba-peeling","7":"product_cat-hautreinigung","8":"product_cat-neurokosmetik","10":"first","11":"instock","12":"taxable","13":"shipping-taxable","14":"purchasable","15":"product-type-simple"},"jetpack_sharing_enabled":true,"_links":{"self":[{"href":"https:\/\/youarepretty.de\/b2b\/wp-json\/wp\/v2\/product\/26959","targetHints":{"allow":["GET"]}}],"collection":[{"href":"https:\/\/youarepretty.de\/b2b\/wp-json\/wp\/v2\/product"}],"about":[{"href":"https:\/\/youarepretty.de\/b2b\/wp-json\/wp\/v2\/types\/product"}],"version-history":[{"count":4,"href":"https:\/\/youarepretty.de\/b2b\/wp-json\/wp\/v2\/product\/26959\/revisions"}],"predecessor-version":[{"id":27281,"href":"https:\/\/youarepretty.de\/b2b\/wp-json\/wp\/v2\/product\/26959\/revisions\/27281"}],"wp:featuredmedia":[{"embeddable":true,"href":"https:\/\/youarepretty.de\/b2b\/wp-json\/wp\/v2\/media\/27280"}],"wp:attachment":[{"href":"https:\/\/youarepretty.de\/b2b\/wp-json\/wp\/v2\/media?parent=26959"}],"wp:term":[{"taxonomy":"product_brand","embeddable":true,"href":"https:\/\/youarepretty.de\/b2b\/wp-json\/wp\/v2\/product_brand?post=26959"},{"taxonomy":"product_cat","embeddable":true,"href":"https:\/\/youarepretty.de\/b2b\/wp-json\/wp\/v2\/product_cat?post=26959"},{"taxonomy":"product_tag","embeddable":true,"href":"https:\/\/youarepretty.de\/b2b\/wp-json\/wp\/v2\/product_tag?post=26959"}],"curies":[{"name":"wp","href":"https:\/\/api.w.org\/{rel}","templated":true}]}}