{"id":26955,"date":"2025-12-20T15:34:50","date_gmt":"2025-12-20T14:34:50","guid":{"rendered":"https:\/\/youarepretty.de\/b2b\/?post_type=product&#038;p=26955"},"modified":"2025-12-20T15:34:50","modified_gmt":"2025-12-20T14:34:50","slug":"sebum-balance-cleansing-tonic","status":"publish","type":"product","link":"https:\/\/youarepretty.de\/b2b\/shop\/sebum-balance-cleansing-tonic\/","title":{"rendered":"SEBUM BALANCE CLEANSING TONIC"},"content":{"rendered":"<p>Das tiefenwirksame Gesichtswasser f\u00fcr normale bis unreine, \u00f6lige, gl\u00e4nzende Haut. Es enth\u00e4lt eine besondere Wirkstoffkombination aus Aloe Vera, Kampfer, Menthol und hydratisierendem Gurkenwasser, die die Haut tiefenwirksam von Unreinheiten und abgestorbenen Hautsch\u00fcppchen befreit. Die Poren verfeinert es sichtbar, das Hautbild wirkt gleichm\u00e4\u00dfiger und strahlender. Panthenol und Allantoin beruhigen die Haut und sorgen f\u00fcr ein ausgeglichenes Hautbild. Minze reguliert den Talgfluss, wirkt k\u00fchlend und bringt die Haut in eine frische, belebte Balance.<\/p>\n","protected":false},"excerpt":{"rendered":"<p>AQUA, SD ALCOHOL 39-C, GLYCERIN, POLYSORBATE-20, PANTHENOL, CAMPHOR, CUCUMIS SATIVUS FRUIT WATER, MENTHOL, ALLANTOIN, ALOE BARBADENSISLEAF JUICE POWDER<\/p>\n","protected":false},"featured_media":27259,"template":"","meta":[],"product_brand":[],"product_cat":[276,300,282],"product_tag":[],"class_list":{"0":"post-26955","1":"product","2":"type-product","3":"status-publish","4":"has-post-thumbnail","6":"product_cat-hautreinigung","7":"product_cat-neurokosmetik","8":"product_cat-sebum-balance-cleansing-tonic","10":"first","11":"instock","12":"taxable","13":"shipping-taxable","14":"purchasable","15":"product-type-simple"},"jetpack_sharing_enabled":true,"_links":{"self":[{"href":"https:\/\/youarepretty.de\/b2b\/wp-json\/wp\/v2\/product\/26955","targetHints":{"allow":["GET"]}}],"collection":[{"href":"https:\/\/youarepretty.de\/b2b\/wp-json\/wp\/v2\/product"}],"about":[{"href":"https:\/\/youarepretty.de\/b2b\/wp-json\/wp\/v2\/types\/product"}],"version-history":[{"count":3,"href":"https:\/\/youarepretty.de\/b2b\/wp-json\/wp\/v2\/product\/26955\/revisions"}],"predecessor-version":[{"id":27260,"href":"https:\/\/youarepretty.de\/b2b\/wp-json\/wp\/v2\/product\/26955\/revisions\/27260"}],"wp:featuredmedia":[{"embeddable":true,"href":"https:\/\/youarepretty.de\/b2b\/wp-json\/wp\/v2\/media\/27259"}],"wp:attachment":[{"href":"https:\/\/youarepretty.de\/b2b\/wp-json\/wp\/v2\/media?parent=26955"}],"wp:term":[{"taxonomy":"product_brand","embeddable":true,"href":"https:\/\/youarepretty.de\/b2b\/wp-json\/wp\/v2\/product_brand?post=26955"},{"taxonomy":"product_cat","embeddable":true,"href":"https:\/\/youarepretty.de\/b2b\/wp-json\/wp\/v2\/product_cat?post=26955"},{"taxonomy":"product_tag","embeddable":true,"href":"https:\/\/youarepretty.de\/b2b\/wp-json\/wp\/v2\/product_tag?post=26955"}],"curies":[{"name":"wp","href":"https:\/\/api.w.org\/{rel}","templated":true}]}}