{"id":26953,"date":"2025-12-20T15:34:51","date_gmt":"2025-12-20T14:34:51","guid":{"rendered":"https:\/\/youarepretty.de\/b2b\/?post_type=product&#038;p=26953"},"modified":"2026-03-05T11:00:41","modified_gmt":"2026-03-05T10:00:41","slug":"microbiotic-cleansing-foam","status":"publish","type":"product","link":"https:\/\/youarepretty.de\/b2b\/shop\/microbiotic-cleansing-foam\/","title":{"rendered":"MICROBIOTIC CLEANSING FOAM"},"content":{"rendered":"<p>Unser sanfte Reinigungsschaum st\u00e4rkt das nat\u00fcrliche Hautmikrobiom und reinigt dabei porentief. Die milde Formulierung aus Lavendelbl\u00fcte, PHAs und Korkeiche entfernt den Schmutz sanft und reguliert den \u00fcbersch\u00fcssigen Talg, ohne die Haut auszutrocknen. Hefe, Radieschenwurzel und Melisse st\u00e4rken die nat\u00fcrliche Hautbarriere und beruhigen empfindliche, irritierte Haut sanft und schnell. Die smarte Cleansing Kombination ist perfekt geeignet f\u00fcr Hauttypen, die sich eine intensive Porenreinigung und ein intaktes Hautmikrobiom w\u00fcnschen. F\u00fcr eine reine, gesunde und frische Haut mit gest\u00e4rkter Barriere und maximalem Glow.<\/p>\n","protected":false},"excerpt":{"rendered":"<p>LAVANDULA ANGUSTIFOLIA FLOWER WATER, AQUA, GLUCONOLACTONE, LAURYL GLUCOSIDE, CAPRYLYL\/CAPRYL GLUCOSIDE, SODIUM BENZOATE, LEUCONOSTOC\/RADISH ROOT FERMENT FILTRATE, PROPANEDIOL, XANTHAN GUM, FAEX EXTRACT, PHENOXYETHANOL, PANTHENOL, GLYCERYL OLEATE, COCO GLUCOSIDE, PARFUM, CITRIC ACID, CALCIUM GLUCONATE, PENTYLENE GLYCOL, GLYCERIN, BENZIOIC ACID, MELISSA OFFICINALIS EXTRACT, DEHYDROACETIC ACID, ETHYLHEXYLGLYCERIN, LEVULINIC ACID, POTASSIUM SORBATE, GLYCERYL CAPRYLATE.<\/p>\n","protected":false},"featured_media":27246,"template":"","meta":[],"product_brand":[],"product_cat":[276,280,300],"product_tag":[],"class_list":{"0":"post-26953","1":"product","2":"type-product","3":"status-publish","4":"has-post-thumbnail","6":"product_cat-hautreinigung","7":"product_cat-microbiotic-cleansing-foam","8":"product_cat-neurokosmetik","10":"first","11":"instock","12":"taxable","13":"shipping-taxable","14":"purchasable","15":"product-type-simple"},"jetpack_sharing_enabled":true,"_links":{"self":[{"href":"https:\/\/youarepretty.de\/b2b\/wp-json\/wp\/v2\/product\/26953","targetHints":{"allow":["GET"]}}],"collection":[{"href":"https:\/\/youarepretty.de\/b2b\/wp-json\/wp\/v2\/product"}],"about":[{"href":"https:\/\/youarepretty.de\/b2b\/wp-json\/wp\/v2\/types\/product"}],"version-history":[{"count":4,"href":"https:\/\/youarepretty.de\/b2b\/wp-json\/wp\/v2\/product\/26953\/revisions"}],"predecessor-version":[{"id":27244,"href":"https:\/\/youarepretty.de\/b2b\/wp-json\/wp\/v2\/product\/26953\/revisions\/27244"}],"wp:featuredmedia":[{"embeddable":true,"href":"https:\/\/youarepretty.de\/b2b\/wp-json\/wp\/v2\/media\/27246"}],"wp:attachment":[{"href":"https:\/\/youarepretty.de\/b2b\/wp-json\/wp\/v2\/media?parent=26953"}],"wp:term":[{"taxonomy":"product_brand","embeddable":true,"href":"https:\/\/youarepretty.de\/b2b\/wp-json\/wp\/v2\/product_brand?post=26953"},{"taxonomy":"product_cat","embeddable":true,"href":"https:\/\/youarepretty.de\/b2b\/wp-json\/wp\/v2\/product_cat?post=26953"},{"taxonomy":"product_tag","embeddable":true,"href":"https:\/\/youarepretty.de\/b2b\/wp-json\/wp\/v2\/product_tag?post=26953"}],"curies":[{"name":"wp","href":"https:\/\/api.w.org\/{rel}","templated":true}]}}