{"id":26952,"date":"2025-11-23T07:31:55","date_gmt":"2025-11-23T06:31:55","guid":{"rendered":"https:\/\/youarepretty.de\/b2b\/?post_type=product&#038;p=26952"},"modified":"2025-12-02T00:10:16","modified_gmt":"2025-12-01T23:10:16","slug":"so-soft-silky-cleansing-milk","status":"publish","type":"product","link":"https:\/\/youarepretty.de\/b2b\/shop\/so-soft-silky-cleansing-milk\/","title":{"rendered":"SO SOFT &#038; SILKY CLEANSING MILK"},"content":{"rendered":"<p>Unsere zart pflegende Reinigungsmilch wurde speziell f\u00fcr die anspruchsvolle, empfindliche Haut entwickelt: die sanfte Formel aus Soja und Gurkenwasser reinigt die Haut mild, wirkt dabei r\u00fcckfettend und spendet reichlich Feuchtigkeit. Gurkenextrakte und Soja\u00f6l hinterlassen ein seidiges, glattes Hautgef\u00fchl, ohne zu reizen. S\u00fc\u00dfholzwurzel wirkt beruhigend, entz\u00fcndungshemmend und antioxidativ. F\u00fcr ein sanft gereinigtes und intensiv gepflegtes Hautbild mit einem Gef\u00fchl von Balance, Frische und Leichtigkeit.<\/p>\n","protected":false},"excerpt":{"rendered":"<p>AQUA, GLYCINE SOJA OIL, CAPRYLIC CAPRIC TRIGLYCERIDE, GLYCERYL STEARATE, STEARYL ALCOHOL, CETETH-20, STEARETH-7, CUCUMIS SATIVUS FRUIT WATER, STEARETH-10, PHENOXYETHANOL, PARFUM, GLYCERIN, BENZOIC ACID, DEHYDROACETIC ACID, ETHYLHEXYLGLYCERIN, GLYCYRRHIZA GLABRA ROOT EXTRACT, SODIUM BENZOATE, POTASSIUM SORBATE<\/p>\n","protected":false},"featured_media":27239,"template":"","meta":[],"product_brand":[],"product_cat":[276,300,275],"product_tag":[],"class_list":{"0":"post-26952","1":"product","2":"type-product","3":"status-publish","4":"has-post-thumbnail","6":"product_cat-hautreinigung","7":"product_cat-neurokosmetik","8":"product_cat-so-soft-silky-cleansing-milk","10":"first","11":"instock","12":"taxable","13":"shipping-taxable","14":"purchasable","15":"product-type-simple"},"jetpack_sharing_enabled":true,"_links":{"self":[{"href":"https:\/\/youarepretty.de\/b2b\/wp-json\/wp\/v2\/product\/26952","targetHints":{"allow":["GET"]}}],"collection":[{"href":"https:\/\/youarepretty.de\/b2b\/wp-json\/wp\/v2\/product"}],"about":[{"href":"https:\/\/youarepretty.de\/b2b\/wp-json\/wp\/v2\/types\/product"}],"version-history":[{"count":4,"href":"https:\/\/youarepretty.de\/b2b\/wp-json\/wp\/v2\/product\/26952\/revisions"}],"predecessor-version":[{"id":27310,"href":"https:\/\/youarepretty.de\/b2b\/wp-json\/wp\/v2\/product\/26952\/revisions\/27310"}],"wp:featuredmedia":[{"embeddable":true,"href":"https:\/\/youarepretty.de\/b2b\/wp-json\/wp\/v2\/media\/27239"}],"wp:attachment":[{"href":"https:\/\/youarepretty.de\/b2b\/wp-json\/wp\/v2\/media?parent=26952"}],"wp:term":[{"taxonomy":"product_brand","embeddable":true,"href":"https:\/\/youarepretty.de\/b2b\/wp-json\/wp\/v2\/product_brand?post=26952"},{"taxonomy":"product_cat","embeddable":true,"href":"https:\/\/youarepretty.de\/b2b\/wp-json\/wp\/v2\/product_cat?post=26952"},{"taxonomy":"product_tag","embeddable":true,"href":"https:\/\/youarepretty.de\/b2b\/wp-json\/wp\/v2\/product_tag?post=26952"}],"curies":[{"name":"wp","href":"https:\/\/api.w.org\/{rel}","templated":true}]}}