{"id":26874,"date":"2025-11-03T20:32:27","date_gmt":"2025-11-03T19:32:27","guid":{"rendered":"https:\/\/youarepretty.de\/b2b\/?post_type=product&#038;p=26874"},"modified":"2025-12-02T00:10:16","modified_gmt":"2025-12-01T23:10:16","slug":"aqua-facial-solution-4-glow-up","status":"publish","type":"product","link":"https:\/\/youarepretty.de\/b2b\/shop\/aqua-facial-solution-4-glow-up\/","title":{"rendered":"Aqua Facial Solution 4 Glow Up"},"content":{"rendered":"<p style=\"font-weight: 400;\"><strong>S4: Schritt 4 der 4-Phasen-Behandlung<\/strong><\/p>\n<p style=\"font-weight: 400;\">F\u00fcr den beliebten \u201eGlow\u201c sorgt die Solution 4, welche idealerweise mit dem Oxygenspray aufgetragen wird. Die leichte, feuchtigkeitsreiche Formulierung mit Peptiden gl\u00e4ttet und strafft die Haut sichtbar ohne zu Beschweren. Die Haut wird versiegelt und ist nun ideal gesch\u00fctzt. Alternativ kann die S4 mehrfach mit einem Pinsel aufgetragen werden (+Abschlusspflege).<\/p>\n<p style=\"font-weight: 400;\">F\u00fcr jeden Hauttyp geeignet. 200 ml reichen f\u00fcr 40 Anwendungen a 5 ml.<\/p>\n<p style=\"font-weight: 400;\">Unsere Solutions werden in Deutschland hergestellt, sind vegan und organisch. Sie \u00fcberzeugen durch nat\u00fcrliche und hochwirksame Neurowirkstoffe, die \u00e4u\u00dferst wirksam und vertr\u00e4glich sind.<\/p>\n<p style=\"font-weight: 400;\">Mit unserem bew\u00e4hrten 4-Phasen-System erzielst du bei deiner Aqua Facial Behandlung in 4 Schritten das perfekte Hautergebnis ohne weiteren Materialeinsatz. F\u00fcr ein sicht- und sp\u00fcrbares Ergebnis f\u00fcr dich und deine Kunden!<\/p>\n<p style=\"font-weight: 400;\">Phase 1 mit Solution 1: Tiefenreinigung und Exfolierung<\/p>\n<p style=\"font-weight: 400;\">Phase 2 mit Solution 2: Peeling, Porenreinigung und Abschuppen<\/p>\n<p style=\"font-weight: 400;\">Phase 3 mit Solution 3: Feuchtigkeitsversorgung, Beruhigung und Antiaging<\/p>\n<p style=\"font-weight: 400;\">Phase 4 mit Solution 4: Straffung, Schutz und Glow Finish (mit Oxygenspray oder Pinsel auftragen)<\/p>\n<p><strong>DIE NEUROWIRKSTOFFE:<\/strong><\/p>\n<p style=\"font-weight: 400;\"><strong>Aloe Vera<\/strong> spendet Feuchtigkeit, wirkt k\u00fchlend, entz\u00fcndungshemmend und beruhigend.<\/p>\n<p style=\"font-weight: 400;\"><strong>Acetyl Hexapeptide-8 &amp; Pentapeptide-18<\/strong> entspannen die Gesichtsmuskulatur und reduzieren sichtbar mimische Falten \u2013 f\u00fcr den \u201elike Botox\u201c Effekt.<\/p>\n<p style=\"font-weight: 400;\"><strong>Hyaluron <\/strong>in 3 Molek\u00fclgr\u00f6\u00dfen sorgt f\u00fcr intensive Hydration und sichtbare Hautstraffung.<\/p>\n<p style=\"font-weight: 400;\"><strong>Rettichwurzel <\/strong>unterst\u00fctzt das Mikrobiom, wirkt antimikrobiell und feuchtigkeitsspendend.<\/p>\n<p style=\"font-weight: 400;\"><strong>Panthenol<\/strong> beruhigt gereizte Haut, reduziert R\u00f6tungen und Juckreiz und hat eine neuro-beruhigende Wirkung auf unsere Hautrezeptoren.<\/p>\n<p style=\"font-weight: 400;\"><strong>Beta-Carotin<\/strong> ist reich an Vitamin C und Antioxidantien und verleiht einen strahlenden Glow.<\/p>\n<p>Produkthinweise:<br \/>\n+ Made in Germany<br \/>\n+ Neurokosmetische Qualit\u00e4t<br \/>\n+ Clean Beauty zertifiziert<br \/>\n+ Vegan und tierversuchsfrei<br \/>\n+ Mit all unseren Ger\u00e4ten kompatibel<br \/>\n+ K\u00fchl und trocken lagern<br \/>\n+ Nach Anbruch 6 Monate haltbar<br \/>\n+ reicht f\u00fcr ca 40 Anwendungen<\/p>\n<p>Inhalt: 200 ml<\/p>\n","protected":false},"excerpt":{"rendered":"<p style=\"font-weight: 400;\">AQUA, ALOE BARBADENSIS LEAF JUICE, GLYCERIN, PANTHENOL, SODIUM LEVULINATE, LEUCONOSTOC\/RADISH ROOT FERMENT FILTRATE, POTASSIUM SORBATE, PENTYLENE GLYCOL, DAUCUS CAROTA SATIVA ROOT EXTRACT, SODIUM HYALURONATE, CAPRYLYL GLYCOL, SODIUM BENZOATE, CITRIC ACID, ACETYL HEXAPEPTIDE-8, PENTAPEPTIDE-18<\/p>\n","protected":false},"featured_media":26863,"template":"","meta":[],"product_brand":[],"product_cat":[208,212,231,85],"product_tag":[],"class_list":{"0":"post-26874","1":"product","2":"type-product","3":"status-publish","4":"has-post-thumbnail","6":"product_cat-profi-produkte","7":"product_cat-aqua-facial","8":"product_cat-shop-extended-gallery","9":"product_cat-shop-pretty-skin","10":"product_shipping_class-dhl","12":"first","13":"instock","14":"taxable","15":"shipping-taxable","16":"purchasable","17":"product-type-simple"},"jetpack_sharing_enabled":true,"_links":{"self":[{"href":"https:\/\/youarepretty.de\/b2b\/wp-json\/wp\/v2\/product\/26874","targetHints":{"allow":["GET"]}}],"collection":[{"href":"https:\/\/youarepretty.de\/b2b\/wp-json\/wp\/v2\/product"}],"about":[{"href":"https:\/\/youarepretty.de\/b2b\/wp-json\/wp\/v2\/types\/product"}],"version-history":[{"count":6,"href":"https:\/\/youarepretty.de\/b2b\/wp-json\/wp\/v2\/product\/26874\/revisions"}],"predecessor-version":[{"id":26877,"href":"https:\/\/youarepretty.de\/b2b\/wp-json\/wp\/v2\/product\/26874\/revisions\/26877"}],"wp:featuredmedia":[{"embeddable":true,"href":"https:\/\/youarepretty.de\/b2b\/wp-json\/wp\/v2\/media\/26863"}],"wp:attachment":[{"href":"https:\/\/youarepretty.de\/b2b\/wp-json\/wp\/v2\/media?parent=26874"}],"wp:term":[{"taxonomy":"product_brand","embeddable":true,"href":"https:\/\/youarepretty.de\/b2b\/wp-json\/wp\/v2\/product_brand?post=26874"},{"taxonomy":"product_cat","embeddable":true,"href":"https:\/\/youarepretty.de\/b2b\/wp-json\/wp\/v2\/product_cat?post=26874"},{"taxonomy":"product_tag","embeddable":true,"href":"https:\/\/youarepretty.de\/b2b\/wp-json\/wp\/v2\/product_tag?post=26874"}],"curies":[{"name":"wp","href":"https:\/\/api.w.org\/{rel}","templated":true}]}}