{"id":26869,"date":"2025-11-03T20:21:58","date_gmt":"2025-11-03T19:21:58","guid":{"rendered":"https:\/\/youarepretty.de\/b2b\/?post_type=product&#038;p=26869"},"modified":"2025-12-02T00:10:16","modified_gmt":"2025-12-01T23:10:16","slug":"aqua-facial-solution-3repair-care-abverkauf","status":"publish","type":"product","link":"https:\/\/youarepretty.de\/b2b\/shop\/aqua-facial-solution-3repair-care-abverkauf\/","title":{"rendered":"Aqua Facial Solution 3 Repair + Care (Abverkauf)"},"content":{"rendered":"<p><strong>ABVERKAUF WEGEN NEUDESIGN<\/strong><\/p>\n<p><strong>S3 REPAIR + CARE \u2013 Schritt 3<\/strong><\/p>\n<p>Die Repair + Care Solution kann mit dem Vakuum, dem Pinsel oder dem Oxygenspray deines Aqua Facial Ger\u00e4tes aufgetragen werden. Hochwertige Hyaluron- und Aloe Vera-Wirkstoffe pflegen altersbedingte Hautsch\u00e4digungen und regen die Kollagenproduktion in der Haut an. Sie versiegelt die Haut und schlie\u00dft die Wirkstoffe ein. Ausreichend f\u00fcr ca. 50 Anwendungen a 10 ml. Unschlagbar im Vergleich zu Kabinenampullen oder -seren.<\/p>\n<p><strong>Produkthinweise:<\/strong><\/p>\n<p>+ Made in Germany<br \/>\n+ Naturkosmetische Qualit\u00e4t<br \/>\n+ Ausreichend f\u00fcr ca. 50 Anwendungen<br \/>\n+ Mit all unseren Ger\u00e4ten kompatibel<br \/>\n+ K\u00fchl und trocken lagern<br \/>\n+ Nach Anbruch 6 Monate haltbar<\/p>\n<p>&nbsp;<\/p>\n<p>Inhalt: 500 ml<\/p>\n","protected":false},"excerpt":{"rendered":"<p>Aqua, Aloe Barbadensis Leaf Juice, Glycerin Butylene Glycol, Sodium Benzoate, Potassium Sorbate Sodium Hyaluronate, Sodium Lactate, Carbomer Coco-Glucoside, Palmitoyl Tripeptide-1, Palmitoyl Tetrapeptide-7.<\/p>\n","protected":false},"featured_media":23478,"template":"","meta":[],"product_brand":[],"product_cat":[208,212,231,85],"product_tag":[],"class_list":{"0":"post-26869","1":"product","2":"type-product","3":"status-publish","4":"has-post-thumbnail","6":"product_cat-profi-produkte","7":"product_cat-aqua-facial","8":"product_cat-shop-extended-gallery","9":"product_cat-shop-pretty-skin","10":"product_shipping_class-dhl","12":"first","13":"instock","14":"sale","15":"taxable","16":"shipping-taxable","17":"purchasable","18":"product-type-simple"},"jetpack_sharing_enabled":true,"_links":{"self":[{"href":"https:\/\/youarepretty.de\/b2b\/wp-json\/wp\/v2\/product\/26869","targetHints":{"allow":["GET"]}}],"collection":[{"href":"https:\/\/youarepretty.de\/b2b\/wp-json\/wp\/v2\/product"}],"about":[{"href":"https:\/\/youarepretty.de\/b2b\/wp-json\/wp\/v2\/types\/product"}],"version-history":[{"count":5,"href":"https:\/\/youarepretty.de\/b2b\/wp-json\/wp\/v2\/product\/26869\/revisions"}],"predecessor-version":[{"id":26903,"href":"https:\/\/youarepretty.de\/b2b\/wp-json\/wp\/v2\/product\/26869\/revisions\/26903"}],"wp:featuredmedia":[{"embeddable":true,"href":"https:\/\/youarepretty.de\/b2b\/wp-json\/wp\/v2\/media\/23478"}],"wp:attachment":[{"href":"https:\/\/youarepretty.de\/b2b\/wp-json\/wp\/v2\/media?parent=26869"}],"wp:term":[{"taxonomy":"product_brand","embeddable":true,"href":"https:\/\/youarepretty.de\/b2b\/wp-json\/wp\/v2\/product_brand?post=26869"},{"taxonomy":"product_cat","embeddable":true,"href":"https:\/\/youarepretty.de\/b2b\/wp-json\/wp\/v2\/product_cat?post=26869"},{"taxonomy":"product_tag","embeddable":true,"href":"https:\/\/youarepretty.de\/b2b\/wp-json\/wp\/v2\/product_tag?post=26869"}],"curies":[{"name":"wp","href":"https:\/\/api.w.org\/{rel}","templated":true}]}}