{"id":25688,"date":"2025-05-30T14:47:14","date_gmt":"2025-05-30T12:47:14","guid":{"rendered":"https:\/\/youarepretty.de\/b2b\/?post_type=product&#038;p=25688"},"modified":"2025-12-02T00:10:10","modified_gmt":"2025-12-01T23:10:10","slug":"microsilber-repair-cream","status":"publish","type":"product","link":"https:\/\/youarepretty.de\/b2b\/shop\/microsilber-repair-cream\/","title":{"rendered":"Microsilber Repair Cream<br\/>5er Set"},"content":{"rendered":"<p><strong>Microsilber Mini-Homecare \u2013 die perfekte Heimpflege f\u00fcr deine Kunden!<\/strong><\/p>\n<p>Die korrekte Heimpflege nach apparativen und kosmetischen Behandlungen ist extrem wichtig und fundamental f\u00fcr \u00fcberzeugende Hautergebnisse. Eine falsche Pflege zu Hause kann nicht nur zu schlechteren Ergebnissen f\u00fchren, sondern auch zu schweren Allergien, Hautreizungen und -entz\u00fcndungen. Wir wissen, wie schwierig es ist, die korrekte Heimpflege unserer Kunden \u201ezu \u00fcberwachen\u201c und sicher zu gehen, dass keine falschen Produkte verwendet werden. Nun kannst du nach jeder Behandlung deinen Kunden garantiert die richtige Skincare mitgeben &#8211; ohne ihnen ein teures Pflegeset zu verkaufen. Denn unsere Microsilber Repaircreme gibt es nun in praktischen 15 ml-Tiegeln f\u00fcr die ideale Heimpflege nach kosmetischen Behandlungen.<\/p>\n<p>Die Microsilber Repair Cream eignet sich nach jeder kosmetischen und apparativen Behandlung als perfekte Heimpflege und unterst\u00fctzt mit wertvollsten Wirkstoffen: reinstes Microsilber wirkt entz\u00fcndungshemmend und antibakteriell, lindert Juckreiz und Irritationen (wie z.B. nach dem Micro Needling oder Ausreinigen). Gleichzeitig hat Microsilber in Kombination mit Dexpanthenol eine feuchtigkeitsspendende und wundheilungsf\u00f6rdernde Wirkung, wodurch sich auch gestresste, gereizte Haut schnell beruhigt und Juckreiz lindernd. Schwarzk\u00fcmmel wirkt antioxidativ und repariert die gest\u00f6rte Hautbarriere.<\/p>\n<p>Sie reicht exakt f\u00fcr die wichtigen 5-8 Tage nach einer Behandlung f\u00fcr morgens und abends. Die Microsilber Repair Cream sorgt f\u00fcr eine schnellere Hautregeneration, eine st\u00e4rkere Hautbarriere und weniger Nebenreaktionen. Die Haut zeigt weniger R\u00f6tungen und eine schnellere Zellregeneration, wodurch du die erw\u00fcnschten Hautresultate sicht- und sp\u00fcrbar erzielst.<\/p>\n<p><strong>Tipp:<\/strong> Inkludiere die Mini-Tiegel automatisch in deine Behandlungspreise! So kannst du absolut sicher sein, dass deine Kunden die richtige Pflege benutzen und kein Risiko zu unerw\u00fcnschten Nebenreaktionen, Entz\u00fcndungen oder sogar Allergien besteht. Deine Kunden werden den Unterschied sp\u00fcren!<\/p>\n<p><strong>Benefits:<\/strong><\/p>\n<p>+ Microsilber wirkt entz\u00fcndungshemmend und antibakteriell.<br \/>\n+ Lindert Juckreiz, Hautirritationen und beruhigt gestresste Haut.<br \/>\n+ Spendet viel Feuchtigkeit und repariert die gest\u00f6rte Hautbarriere.<br \/>\n+ Nur naturkosmetische, reinste Inhaltsstoffe<br \/>\n+ Ideal nach apparativen Behandlungen wie Micro Needling, Fruchts\u00e4ure, Aqua Facial, Microdermabrasion &amp; Co.<br \/>\n+ Auch geeignet bei Neurodermitis, Schuppenflechte, Psoriasis, Couperose und Akne<br \/>\n+ Reicht f\u00fcr ca. 5-8 Tage bei einer Anwendung morgens und abends<\/p>\n<p><strong>Neurowirkstoffe:<\/strong><\/p>\n<p>+ MICROSILBER: antibarkteriell \/ entz\u00fcndungshemmend \/ juckreizlindernd<br \/>\n+ DEXPANTHENOL: beruhigend \/ feuchtigkeitsspendend \/ wundheilend<br \/>\n+ SCHWARZK\u00dcMMEL: antioxidativ \/ regenerierend \/ repariert die Hautbarriere<\/p>\n<p><strong>Produkthinweise:<\/strong><\/p>\n<p>+ Made in Germany<br \/>\n+ Naturkosmetische Qualit\u00e4t<br \/>\n+ Clean Beauty zertifiziert<br \/>\n+ Vegan und tierversuchsfrei<br \/>\n+ F\u00fcr apparative Anwendungen empfohlen<br \/>\n+ K\u00fchl, trocken &amp; lichtgesch\u00fctzt lagern<br \/>\n+ Nach Anbruch 6 Monate haltbar<\/p>\n<p>Inhalt: 5 x 15 ml<\/p>\n","protected":false},"excerpt":{"rendered":"<p>Panthenol, Prunus Amygdalus Dulcis Oil, Nigella Sativa Seed Oil, Simmondsia Chinensis Seed Oil, Butyrospermum Parkii Butter, Silver (Ci 77820), Cannabis Sativa Seed Extract, Calendula Officinalis Extract.<\/p>\n","protected":false},"featured_media":25692,"template":"","meta":[],"product_brand":[],"product_cat":[208,272,212,213,214,215,217,218,219,220,85],"product_tag":[],"class_list":{"0":"post-25688","1":"product","2":"type-product","3":"status-publish","4":"has-post-thumbnail","6":"product_cat-profi-produkte","7":"product_cat-shop-produkt-silbercreme-2025","8":"product_cat-aqua-facial","9":"product_cat-bb-glow","10":"product_cat-dermaplaning","11":"product_cat-fruchtsaeure","12":"product_cat-kollagenfaden-lifting","13":"product_cat-micro-nano-needling","14":"product_cat-mikrodermabrasion","15":"product_cat-wellness-kosmetik","16":"product_cat-shop-pretty-skin","17":"product_shipping_class-dhl","19":"first","20":"instock","21":"taxable","22":"shipping-taxable","23":"purchasable","24":"product-type-simple"},"jetpack_sharing_enabled":true,"_links":{"self":[{"href":"https:\/\/youarepretty.de\/b2b\/wp-json\/wp\/v2\/product\/25688","targetHints":{"allow":["GET"]}}],"collection":[{"href":"https:\/\/youarepretty.de\/b2b\/wp-json\/wp\/v2\/product"}],"about":[{"href":"https:\/\/youarepretty.de\/b2b\/wp-json\/wp\/v2\/types\/product"}],"version-history":[{"count":5,"href":"https:\/\/youarepretty.de\/b2b\/wp-json\/wp\/v2\/product\/25688\/revisions"}],"predecessor-version":[{"id":27407,"href":"https:\/\/youarepretty.de\/b2b\/wp-json\/wp\/v2\/product\/25688\/revisions\/27407"}],"wp:featuredmedia":[{"embeddable":true,"href":"https:\/\/youarepretty.de\/b2b\/wp-json\/wp\/v2\/media\/25692"}],"wp:attachment":[{"href":"https:\/\/youarepretty.de\/b2b\/wp-json\/wp\/v2\/media?parent=25688"}],"wp:term":[{"taxonomy":"product_brand","embeddable":true,"href":"https:\/\/youarepretty.de\/b2b\/wp-json\/wp\/v2\/product_brand?post=25688"},{"taxonomy":"product_cat","embeddable":true,"href":"https:\/\/youarepretty.de\/b2b\/wp-json\/wp\/v2\/product_cat?post=25688"},{"taxonomy":"product_tag","embeddable":true,"href":"https:\/\/youarepretty.de\/b2b\/wp-json\/wp\/v2\/product_tag?post=25688"}],"curies":[{"name":"wp","href":"https:\/\/api.w.org\/{rel}","templated":true}]}}