{"id":25047,"date":"2025-02-10T13:17:21","date_gmt":"2025-02-10T12:17:21","guid":{"rendered":"https:\/\/youarepretty.de\/b2b\/?post_type=product&#038;p=25047"},"modified":"2025-12-02T00:10:10","modified_gmt":"2025-12-01T23:10:10","slug":"aqua-facial-master-abrasionsaufsaetze-set-silikon","status":"publish","type":"product","link":"https:\/\/youarepretty.de\/b2b\/shop\/aqua-facial-master-abrasionsaufsaetze-set-silikon\/","title":{"rendered":"Aqua Facial Master Hydroaufs\u00e4tze 6er-Set Silikon"},"content":{"rendered":"<p>Neu: die Abrasionsaufs\u00e4tze f\u00fcr den Aqua Facial Master 4 und 7 gibt es nun auch aus wei\u00dfem Silikon.<\/p>\n<p>In diesem Set befinden sich 6 verschiedene Gr\u00f6\u00dfen aus weichem Silikon f\u00fcr die unterschiedlichen Behandlungsregionen. Sie sind robust, wiederverwendbar und besonders sanft zur Haut. Wir empfehlen die Silikonaufs\u00e4tze nach der Einarbeitung mit dem Aqua Facial Master, da diese blickdicht sind.<\/p>\n","protected":false},"excerpt":{"rendered":"<p>Neu: die Abrasionsaufs\u00e4tze f\u00fcr den Aqua Facial Master 4 und 7 gibt es nun auch aus wei\u00dfem Silikon. In diesem Set befinden sich 6 verschiedene Gr\u00f6\u00dfen aus weichem Silikon f\u00fcr die unterschiedlichen Behandlungsregionen. Sie sind robust, wiederverwendbar und besonders sanft zur Haut. Wir empfehlen die Silikonaufs\u00e4tze nach der Einarbeitung mit dem Aqua Facial Master, da [&hellip;]<\/p>\n","protected":false},"featured_media":26272,"template":"","meta":[],"product_brand":[],"product_cat":[240,208,212,128,228,85],"product_tag":[],"class_list":{"0":"post-25047","1":"product","2":"type-product","3":"status-publish","4":"has-post-thumbnail","6":"product_cat-ersatzteile","7":"product_cat-profi-produkte","8":"product_cat-aqua-facial","9":"product_cat-prettywoman-code","10":"product_cat-shop-gallery","11":"product_cat-shop-pretty-skin","13":"first","14":"instock","15":"taxable","16":"shipping-taxable","17":"purchasable","18":"product-type-simple"},"jetpack_sharing_enabled":true,"_links":{"self":[{"href":"https:\/\/youarepretty.de\/b2b\/wp-json\/wp\/v2\/product\/25047","targetHints":{"allow":["GET"]}}],"collection":[{"href":"https:\/\/youarepretty.de\/b2b\/wp-json\/wp\/v2\/product"}],"about":[{"href":"https:\/\/youarepretty.de\/b2b\/wp-json\/wp\/v2\/types\/product"}],"version-history":[{"count":5,"href":"https:\/\/youarepretty.de\/b2b\/wp-json\/wp\/v2\/product\/25047\/revisions"}],"predecessor-version":[{"id":26279,"href":"https:\/\/youarepretty.de\/b2b\/wp-json\/wp\/v2\/product\/25047\/revisions\/26279"}],"wp:featuredmedia":[{"embeddable":true,"href":"https:\/\/youarepretty.de\/b2b\/wp-json\/wp\/v2\/media\/26272"}],"wp:attachment":[{"href":"https:\/\/youarepretty.de\/b2b\/wp-json\/wp\/v2\/media?parent=25047"}],"wp:term":[{"taxonomy":"product_brand","embeddable":true,"href":"https:\/\/youarepretty.de\/b2b\/wp-json\/wp\/v2\/product_brand?post=25047"},{"taxonomy":"product_cat","embeddable":true,"href":"https:\/\/youarepretty.de\/b2b\/wp-json\/wp\/v2\/product_cat?post=25047"},{"taxonomy":"product_tag","embeddable":true,"href":"https:\/\/youarepretty.de\/b2b\/wp-json\/wp\/v2\/product_tag?post=25047"}],"curies":[{"name":"wp","href":"https:\/\/api.w.org\/{rel}","templated":true}]}}