{"id":24457,"date":"2024-11-27T11:01:56","date_gmt":"2024-11-27T10:01:56","guid":{"rendered":"https:\/\/youarepretty.de\/b2b\/?post_type=product&#038;p=24457"},"modified":"2025-12-02T00:10:10","modified_gmt":"2025-12-01T23:10:10","slug":"akne-repair-serum","status":"publish","type":"product","link":"https:\/\/youarepretty.de\/b2b\/shop\/akne-repair-serum\/","title":{"rendered":"Akne Repair Needling Serum"},"content":{"rendered":"<p><strong>NEU! <\/strong>Mit unseren hochqualitativen Hautseren auf Naturkosmetikbasis \u00fcberzeugest du in der Kabine mit reinsten Wirkstoffen aus der Natur und sp\u00fcrbaren Ergebnissen.<\/p>\n<p>Mit dem Akne Repair Serum werden Unreinheiten und Entz\u00fcndungen schnell und sanft reduziert. Hochwertige Salicyls\u00e4ure befreit verstopfte Poren, l\u00f6st sp\u00fcrbar Verhornungen und verfeinert das Hautbild. Das Serum eignet sich in der Kabine f\u00fcr die Behandlung von unreiner, schuppiger oder gro\u00dfporiger Haut und ist besonders effektiv bei Needling &amp; Co.<\/p>\n<p>Unreine, gro\u00dfporige und verhornte Haut wird durch die sanften BHA S\u00e4uren und hochwertigen Inhaltsstoffe von Unreinheiten befreit, befreit und intensiv gepflegt &#8211; ohne dabei auszutrocknen. Ein Gamechanger bei Problemhaut.<\/p>\n<p><strong>Benefits:<\/strong><\/p>\n<p>+ Sanfte und effektive Salicyls\u00e4ure (BHA) wirken entz\u00fcndungshemmend und antibakteriell<br \/>\n+ L\u00f6st Verhornungen und verkleinert gro\u00dfe Poren<br \/>\n+ Versorgt und beruhigt die Haut mit wertvollem Panthenol<br \/>\n+ Durch seine d\u00fcnnfl\u00fcssige Konsistenz enorm sparsam im Gebrauch<br \/>\n+ Steril und f\u00fcr apparativen Behandlungen wie Needling, Aqua Facial &amp; Co empfohlen<\/p>\n<p><strong>Produkthinweise:<\/strong><\/p>\n<p>+ Made in Germany<br \/>\n+ Naturkosmetische Qualit\u00e4t<br \/>\n+ Clean Beauty zertifiziert<br \/>\n+ Vegan und tierversuchsfrei<br \/>\n+ F\u00fcr apparative Anwendungen empfohlen<br \/>\n+ K\u00fchl, trocken &amp; lichtgesch\u00fctzt lagern<br \/>\n+ Nach Anbruch 6 Monate haltbar<\/p>\n<p>Inhalt: 50 ml<\/p>\n","protected":false},"excerpt":{"rendered":"<p>Aqua, Propylene Glycol, Pentylene Glycol, Glycerin Panthenol, Salicylic Acid, Propanediol, Caprylhydroxamic &amp; Citric Acid.<\/p>\n","protected":false},"featured_media":24463,"template":"","meta":[],"product_brand":[],"product_cat":[208,212,213,214,215,217,218,219,220,231,85],"product_tag":[],"class_list":{"0":"post-24457","1":"product","2":"type-product","3":"status-publish","4":"has-post-thumbnail","6":"product_cat-profi-produkte","7":"product_cat-aqua-facial","8":"product_cat-bb-glow","9":"product_cat-dermaplaning","10":"product_cat-fruchtsaeure","11":"product_cat-kollagenfaden-lifting","12":"product_cat-micro-nano-needling","13":"product_cat-mikrodermabrasion","14":"product_cat-wellness-kosmetik","15":"product_cat-shop-extended-gallery","16":"product_cat-shop-pretty-skin","17":"product_shipping_class-dhl","19":"first","20":"instock","21":"taxable","22":"shipping-taxable","23":"purchasable","24":"product-type-simple"},"jetpack_sharing_enabled":true,"_links":{"self":[{"href":"https:\/\/youarepretty.de\/b2b\/wp-json\/wp\/v2\/product\/24457","targetHints":{"allow":["GET"]}}],"collection":[{"href":"https:\/\/youarepretty.de\/b2b\/wp-json\/wp\/v2\/product"}],"about":[{"href":"https:\/\/youarepretty.de\/b2b\/wp-json\/wp\/v2\/types\/product"}],"version-history":[{"count":5,"href":"https:\/\/youarepretty.de\/b2b\/wp-json\/wp\/v2\/product\/24457\/revisions"}],"predecessor-version":[{"id":26134,"href":"https:\/\/youarepretty.de\/b2b\/wp-json\/wp\/v2\/product\/24457\/revisions\/26134"}],"wp:featuredmedia":[{"embeddable":true,"href":"https:\/\/youarepretty.de\/b2b\/wp-json\/wp\/v2\/media\/24463"}],"wp:attachment":[{"href":"https:\/\/youarepretty.de\/b2b\/wp-json\/wp\/v2\/media?parent=24457"}],"wp:term":[{"taxonomy":"product_brand","embeddable":true,"href":"https:\/\/youarepretty.de\/b2b\/wp-json\/wp\/v2\/product_brand?post=24457"},{"taxonomy":"product_cat","embeddable":true,"href":"https:\/\/youarepretty.de\/b2b\/wp-json\/wp\/v2\/product_cat?post=24457"},{"taxonomy":"product_tag","embeddable":true,"href":"https:\/\/youarepretty.de\/b2b\/wp-json\/wp\/v2\/product_tag?post=24457"}],"curies":[{"name":"wp","href":"https:\/\/api.w.org\/{rel}","templated":true}]}}