{"id":24450,"date":"2024-11-27T10:47:40","date_gmt":"2024-11-27T09:47:40","guid":{"rendered":"https:\/\/youarepretty.de\/b2b\/?post_type=product&#038;p=24450"},"modified":"2025-12-02T00:10:09","modified_gmt":"2025-12-01T23:10:09","slug":"hyaluron-gelserum","status":"publish","type":"product","link":"https:\/\/youarepretty.de\/b2b\/shop\/hyaluron-gelserum\/","title":{"rendered":"Hyaluron Needling Gelserum"},"content":{"rendered":"<p><strong>NEU! <\/strong>Mit unseren hochqualitativen Hautseren auf Naturkosmetikbasis \u00fcberzeugest du in der Kabine mit reinsten Wirkstoffen aus der Natur und sichtbaren Ergebnissen.<\/p>\n<p><strong>Der High Level Effekt: die hoch-, mittel- und niedermolekulare Hyalurons\u00e4uren dringen in die verschiedenen Hautebenen ein und gl\u00e4tten die Haut von innen und au\u00dfen.<\/strong><\/p>\n<p>Das YAP Hyaluron Gelserum ist steril, ultraschallgeeignet und f\u00fcr alle apparativen und kosmetischen Behandlungen empfohlen. Bei Needling, Dermaplaning &amp; Co l\u00e4sst die besondere Konsistenz die Instrumente sanft \u00fcber die Haut gleiten und versorgt sie parallel mit den besonderen Wirkstoffen. Trockene, schuppige und reife Haut wird durch die hochqualitativen Inhaltsstoffe sichtbar gegl\u00e4ttet und intensiv mit Feuchtigkeit versorgt. Falten werden sp\u00fcrbar gemindert und die Haut wirkt praller und frisch. Ein Pre- und Anti-Aging-Wunder mit einem Hauch Luxus, das in jede Kabine geh\u00f6rt!<\/p>\n<p><strong>Benefits:<\/strong><\/p>\n<p>+ 1 % reine Hyalurons\u00e4ure<br \/>\n+ Versorgt trockene, schuppige Haut mit intensiver Feuchtigkeit<br \/>\n+ Reduziert sicht- und sp\u00fcrbar die Faltentiefe und polstert die Haut auf<br \/>\n+ F\u00fcr apparativen Behandlungen wie Needling, Aqua Facial &amp; Co empfohlen<br \/>\n+ Steril und ultraschallgeeignet<\/p>\n<p><strong>Produkthinweise:<\/strong><\/p>\n<p>+ Made in Germany<br \/>\n+ Naturkosmetische Qualit\u00e4t<br \/>\n+ Clean Beauty zertifiziert<br \/>\n+ Vegan und tierversuchsfrei<br \/>\n+ F\u00fcr apparative Anwendungen empfohlen<br \/>\n+ K\u00fchl, trocken &amp; lichtgesch\u00fctzt lagern<br \/>\n+ Nach Anbruch 6 Monate haltbar<\/p>\n<p>Inhalt: 50 ml<\/p>\n","protected":false},"excerpt":{"rendered":"<p>Aqua, Pentylene Glycol, Polyglyceryl-4 Caprate, Sodium Hyaluronate, Fragrance, Potassium Sorbate, Sodium Benzoate.<\/p>\n","protected":false},"featured_media":24468,"template":"","meta":[],"product_brand":[],"product_cat":[208,212,213,214,215,217,218,219,220,231,85],"product_tag":[],"class_list":{"0":"post-24450","1":"product","2":"type-product","3":"status-publish","4":"has-post-thumbnail","6":"product_cat-profi-produkte","7":"product_cat-aqua-facial","8":"product_cat-bb-glow","9":"product_cat-dermaplaning","10":"product_cat-fruchtsaeure","11":"product_cat-kollagenfaden-lifting","12":"product_cat-micro-nano-needling","13":"product_cat-mikrodermabrasion","14":"product_cat-wellness-kosmetik","15":"product_cat-shop-extended-gallery","16":"product_cat-shop-pretty-skin","17":"product_shipping_class-dhl","19":"first","20":"instock","21":"taxable","22":"shipping-taxable","23":"purchasable","24":"product-type-simple"},"jetpack_sharing_enabled":true,"_links":{"self":[{"href":"https:\/\/youarepretty.de\/b2b\/wp-json\/wp\/v2\/product\/24450","targetHints":{"allow":["GET"]}}],"collection":[{"href":"https:\/\/youarepretty.de\/b2b\/wp-json\/wp\/v2\/product"}],"about":[{"href":"https:\/\/youarepretty.de\/b2b\/wp-json\/wp\/v2\/types\/product"}],"version-history":[{"count":5,"href":"https:\/\/youarepretty.de\/b2b\/wp-json\/wp\/v2\/product\/24450\/revisions"}],"predecessor-version":[{"id":26135,"href":"https:\/\/youarepretty.de\/b2b\/wp-json\/wp\/v2\/product\/24450\/revisions\/26135"}],"wp:featuredmedia":[{"embeddable":true,"href":"https:\/\/youarepretty.de\/b2b\/wp-json\/wp\/v2\/media\/24468"}],"wp:attachment":[{"href":"https:\/\/youarepretty.de\/b2b\/wp-json\/wp\/v2\/media?parent=24450"}],"wp:term":[{"taxonomy":"product_brand","embeddable":true,"href":"https:\/\/youarepretty.de\/b2b\/wp-json\/wp\/v2\/product_brand?post=24450"},{"taxonomy":"product_cat","embeddable":true,"href":"https:\/\/youarepretty.de\/b2b\/wp-json\/wp\/v2\/product_cat?post=24450"},{"taxonomy":"product_tag","embeddable":true,"href":"https:\/\/youarepretty.de\/b2b\/wp-json\/wp\/v2\/product_tag?post=24450"}],"curies":[{"name":"wp","href":"https:\/\/api.w.org\/{rel}","templated":true}]}}