{"id":19216,"date":"2023-11-24T12:09:41","date_gmt":"2023-11-24T11:09:41","guid":{"rendered":"https:\/\/youarepretty.de\/b2b\/?post_type=product&#038;p=19216"},"modified":"2025-12-02T00:10:05","modified_gmt":"2025-12-01T23:10:05","slug":"6-reinigungspads-aus-mikrofaser","status":"publish","type":"product","link":"https:\/\/youarepretty.de\/b2b\/shop\/6-reinigungspads-aus-mikrofaser\/","title":{"rendered":"6 Reinigungspadsaus Mikrofaser"},"content":{"rendered":"<p>Unsere superweichen Reinigungspads sind nicht nur h\u00fcbsch, sondern mit knapp 10 x 10 cm auch besonders praktisch f\u00fcr die beidh\u00e4ndige Anwendung in der Kabine. Sie sind wieder verwendbar und reinigen die Haut besonders sanft und schonend. Entferne Make-Up, Maskenreste und Peelingr\u00fcckst\u00e4nde schnell und effektiv.<\/p>\n<p><strong><br \/>\nProdukthinweise:<\/strong><\/p>\n<p>\u2022 6 St\u00fcck im Set<br \/>\n\u2022 Ma\u00dfe: 10,5 x 10,5 cm<br \/>\n\u2022 2 wei\u00df \/ 2 schwarz \/ 2 ros\u00e9<br \/>\n\u2022 Waschbar bis 60\u00b0C (ohne Weichsp\u00fcler!)<br \/>\n\u2022 Porentiefe Reinigung<br \/>\n\u2022 Hypoallergene Mikrofaser<\/p>\n","protected":false},"excerpt":{"rendered":"<p>Unsere superweichen Reinigungspads sind nicht nur h\u00fcbsch, sondern mit knapp 10 x 10 cm auch besonders praktisch f\u00fcr die beidh\u00e4ndige Anwendung in der Kabine. Sie sind wieder verwendbar und reinigen die Haut besonders sanft und schonend. Entferne Make-Up, Maskenreste und Peelingr\u00fcckst\u00e4nde schnell und effektiv. Produkthinweise: \u2022 6 St\u00fcck im Set \u2022 Ma\u00dfe: 10,5 x 10,5 [&hellip;]<\/p>\n","protected":false},"featured_media":19219,"template":"","meta":[],"product_brand":[],"product_cat":[226,212,213,214,215,217,218,219,220,228,86,85],"product_tag":[],"class_list":{"0":"post-19216","1":"product","2":"type-product","3":"status-publish","4":"has-post-thumbnail","6":"product_cat-profi-zubehoer","7":"product_cat-aqua-facial","8":"product_cat-bb-glow","9":"product_cat-dermaplaning","10":"product_cat-fruchtsaeure","11":"product_cat-kollagenfaden-lifting","12":"product_cat-micro-nano-needling","13":"product_cat-mikrodermabrasion","14":"product_cat-wellness-kosmetik","15":"product_cat-shop-gallery","16":"product_cat-shop-pretty-face","17":"product_cat-shop-pretty-skin","19":"first","20":"instock","21":"taxable","22":"shipping-taxable","23":"purchasable","24":"product-type-simple"},"jetpack_sharing_enabled":true,"_links":{"self":[{"href":"https:\/\/youarepretty.de\/b2b\/wp-json\/wp\/v2\/product\/19216","targetHints":{"allow":["GET"]}}],"collection":[{"href":"https:\/\/youarepretty.de\/b2b\/wp-json\/wp\/v2\/product"}],"about":[{"href":"https:\/\/youarepretty.de\/b2b\/wp-json\/wp\/v2\/types\/product"}],"version-history":[{"count":6,"href":"https:\/\/youarepretty.de\/b2b\/wp-json\/wp\/v2\/product\/19216\/revisions"}],"predecessor-version":[{"id":26809,"href":"https:\/\/youarepretty.de\/b2b\/wp-json\/wp\/v2\/product\/19216\/revisions\/26809"}],"wp:featuredmedia":[{"embeddable":true,"href":"https:\/\/youarepretty.de\/b2b\/wp-json\/wp\/v2\/media\/19219"}],"wp:attachment":[{"href":"https:\/\/youarepretty.de\/b2b\/wp-json\/wp\/v2\/media?parent=19216"}],"wp:term":[{"taxonomy":"product_brand","embeddable":true,"href":"https:\/\/youarepretty.de\/b2b\/wp-json\/wp\/v2\/product_brand?post=19216"},{"taxonomy":"product_cat","embeddable":true,"href":"https:\/\/youarepretty.de\/b2b\/wp-json\/wp\/v2\/product_cat?post=19216"},{"taxonomy":"product_tag","embeddable":true,"href":"https:\/\/youarepretty.de\/b2b\/wp-json\/wp\/v2\/product_tag?post=19216"}],"curies":[{"name":"wp","href":"https:\/\/api.w.org\/{rel}","templated":true}]}}