{"id":19052,"date":"2023-11-16T09:21:25","date_gmt":"2023-11-16T08:21:25","guid":{"rendered":"https:\/\/youarepretty.de\/b2b\/?post_type=product&#038;p=19052"},"modified":"2025-12-02T00:10:05","modified_gmt":"2025-12-01T23:10:05","slug":"dermapen-pro-nadeln-10er-set","status":"publish","type":"product","link":"https:\/\/youarepretty.de\/b2b\/shop\/dermapen-pro-nadeln-10er-set\/","title":{"rendered":"Dermapen PRO Nadeln<br\/>10er-Set"},"content":{"rendered":"<p>Unsere hochwertigen Einwegnadeln f\u00fcr den Dermapen PRO sind steril in Einzelt\u00fcten verpackt und bestehen aus chirurgischem Edelstahl. Somit kannst du alle Needling Behandlungen mit bestm\u00f6glicher Pr\u00e4zision durchf\u00fchren. Die YAP Nadeln enthalten eine separate Schutzkappe. Diese wird erst <strong>nach<\/strong> dem Einschrauben in den Pen abgenommen und <strong>nach<\/strong> der Behandlung wieder aufgesetzt, um die Nadel dann kontaktlos und ohne Verletzungsrisiko f\u00fcr dich zu entnehmen. Die benutzten Nadeln kannst du mit der aufgesetzten Schutzkappe risikofrei entsorgen.<\/p>\n<p><strong>Infos zu den Nadelvarianten:<\/strong><\/p>\n<p><strong>Nano:<\/strong> schmerzlose Einschleusung von Wirk- und Farbseren mittel stumpfer Nadeltechnologie f\u00fcr Gesicht, Lippen und Hals. Geeignet f\u00fcr BB Glow, Nano Needling, BB Lips.<\/p>\n<p><strong>36er:<\/strong> sanfte bis mittelstarke Wirkstoff-Einschleusung via Nadelperforation f\u00fcr die Tiefenhydration und gegen Falten, Pigmentflecken und leichte Unreinheiten.<\/p>\n<p><strong>24er:<\/strong> mittelstarke bis starke Wirkstoff-Einschleusung via Nadelperforation gegen Falten, Pigmentflecke, Hyperpigmentierung, gro\u00dfe Poren, Akne und Aknemale sowie f\u00fcr die Kollagenneubildung und Hautstraffung.<\/p>\n<p><strong>16er:<\/strong> starke Wirkstoff-Einschleusung mittels Nadelperforation gegen starke Unreinheiten und Unterlagerungen, Pigmentflecke und Hyperpigmentierung, Narben und tiefe Falten sowie f\u00fcr die Kollagenneubildung und Hautstraffung.<\/p>\n<p><strong>11er:<\/strong> sehr starke Wirkstoff-Einschleusung mittels Nadelperforation gegen Narben, Dehnungsstreifen und Cellulitis.<\/p>\n","protected":false},"excerpt":{"rendered":"<p>Unsere hochwertigen Einwegnadeln f\u00fcr den Dermapen PRO sind steril in Einzelt\u00fcten verpackt und bestehen aus chirurgischem Edelstahl. Somit kannst du alle Needling Behandlungen mit bestm\u00f6glicher Pr\u00e4zision durchf\u00fchren. Die YAP Nadeln enthalten eine separate Schutzkappe. Diese wird erst nach dem Einschrauben in den Pen abgenommen und nach der Behandlung wieder aufgesetzt, um die Nadel dann kontaktlos [&hellip;]<\/p>\n","protected":false},"featured_media":19074,"template":"","meta":[],"product_brand":[],"product_cat":[210,213,218,128,228,85],"product_tag":[],"class_list":{"0":"post-19052","1":"product","2":"type-product","3":"status-publish","4":"has-post-thumbnail","6":"product_cat-profi-geraete","7":"product_cat-bb-glow","8":"product_cat-micro-nano-needling","9":"product_cat-prettywoman-code","10":"product_cat-shop-gallery","11":"product_cat-shop-pretty-skin","13":"first","14":"instock","15":"sale","16":"taxable","17":"shipping-taxable","18":"purchasable","19":"product-type-variable"},"jetpack_sharing_enabled":true,"_links":{"self":[{"href":"https:\/\/youarepretty.de\/b2b\/wp-json\/wp\/v2\/product\/19052","targetHints":{"allow":["GET"]}}],"collection":[{"href":"https:\/\/youarepretty.de\/b2b\/wp-json\/wp\/v2\/product"}],"about":[{"href":"https:\/\/youarepretty.de\/b2b\/wp-json\/wp\/v2\/types\/product"}],"version-history":[{"count":5,"href":"https:\/\/youarepretty.de\/b2b\/wp-json\/wp\/v2\/product\/19052\/revisions"}],"predecessor-version":[{"id":24636,"href":"https:\/\/youarepretty.de\/b2b\/wp-json\/wp\/v2\/product\/19052\/revisions\/24636"}],"wp:featuredmedia":[{"embeddable":true,"href":"https:\/\/youarepretty.de\/b2b\/wp-json\/wp\/v2\/media\/19074"}],"wp:attachment":[{"href":"https:\/\/youarepretty.de\/b2b\/wp-json\/wp\/v2\/media?parent=19052"}],"wp:term":[{"taxonomy":"product_brand","embeddable":true,"href":"https:\/\/youarepretty.de\/b2b\/wp-json\/wp\/v2\/product_brand?post=19052"},{"taxonomy":"product_cat","embeddable":true,"href":"https:\/\/youarepretty.de\/b2b\/wp-json\/wp\/v2\/product_cat?post=19052"},{"taxonomy":"product_tag","embeddable":true,"href":"https:\/\/youarepretty.de\/b2b\/wp-json\/wp\/v2\/product_tag?post=19052"}],"curies":[{"name":"wp","href":"https:\/\/api.w.org\/{rel}","templated":true}]}}