{"id":17428,"date":"2023-10-09T12:18:27","date_gmt":"2023-10-09T10:18:27","guid":{"rendered":"https:\/\/youarepretty.de\/b2b\/?post_type=product&#038;p=17428"},"modified":"2025-12-03T18:34:18","modified_gmt":"2025-12-03T17:34:18","slug":"aqua-facial-master-7","status":"publish","type":"product","link":"https:\/\/youarepretty.de\/b2b\/shop\/aqua-facial-master-7\/","title":{"rendered":"Aqua Facial Master 7"},"content":{"rendered":"<p data-start=\"247\" data-end=\"644\">Unsere <strong data-start=\"254\" data-end=\"283\">Aqua Facial Master Ger\u00e4te<\/strong> sind die ideale Wahl f\u00fcr Professionals, die h\u00f6chste Anspr\u00fcche an <strong data-start=\"349\" data-end=\"389\">Effizienz, Design und Hautergebnisse<\/strong> stellen.<br data-start=\"398\" data-end=\"401\" \/>W\u00e4hle zwischen dem <strong data-start=\"420\" data-end=\"456\">NiSV-freien Aqua Facial Master 4<\/strong> mit 4 Funktionen oder dem <strong data-start=\"483\" data-end=\"507\">Aqua Facial Master 7<\/strong> mit 7 Funktionen f\u00fcr Studios mit NiSV-Zulassung. Beide Modelle \u00fcberzeugen durch starke Leistung, einfache Bedienung und moderne Optik.<\/p>\n<p data-start=\"646\" data-end=\"1056\"><strong data-start=\"646\" data-end=\"681\">Ger\u00e4te-Highlights im \u00dcberblick:<\/strong><br data-start=\"681\" data-end=\"684\" \/>\u2605 110 kPa starke Saugleistung f\u00fcr effektive Tiefenreinigung<br data-start=\"743\" data-end=\"746\" \/>\u2605 Intuitives Touchscreen-Display mit Timerfunktion<br data-start=\"796\" data-end=\"799\" \/>\u2605 LED-Beleuchtung f\u00fcr ein modernes Studio-Ambiente<br data-start=\"849\" data-end=\"852\" \/>\u2605 Keine Wartungskosten, keine Wartungsauflagen<br data-start=\"898\" data-end=\"901\" \/>\u2605 Schnelle Reinigung f\u00fcr maximale Hygiene<br data-start=\"942\" data-end=\"945\" \/>\u2605 Elegantes, cleanes Design \u2013 passt in jedes Kosmetikstudio<br data-start=\"1004\" data-end=\"1007\" \/>\u2605 1 Jahr Garantie inkl. kostenfreier Leihger\u00e4te<\/p>\n<p data-start=\"1058\" data-end=\"1156\">Jetzt dein <strong data-start=\"1072\" data-end=\"1099\">Aquafacial Ger\u00e4t kaufen<\/strong> und dein Studio mit modernster Technologie ausstatten.<\/p>\n","protected":false},"excerpt":{"rendered":"<p>Unsere Aqua Facial Master Ger\u00e4te sind die ideale Wahl f\u00fcr Professionals, die h\u00f6chste Anspr\u00fcche an Effizienz, Design und Hautergebnisse stellen.W\u00e4hle zwischen dem NiSV-freien Aqua Facial Master 4 mit 4 Funktionen oder dem Aqua Facial Master 7 mit 7 Funktionen f\u00fcr Studios mit NiSV-Zulassung. Beide Modelle \u00fcberzeugen durch starke Leistung, einfache Bedienung und moderne Optik. Ger\u00e4te-Highlights [&hellip;]<\/p>\n","protected":false},"featured_media":23572,"template":"","meta":[],"product_brand":[],"product_cat":[245,210,212,128,85],"product_tag":[],"class_list":{"0":"post-17428","1":"product","2":"type-product","3":"status-publish","4":"has-post-thumbnail","6":"product_cat-aqua-facial-master-2024","7":"product_cat-profi-geraete","8":"product_cat-aqua-facial","9":"product_cat-prettywoman-code","10":"product_cat-shop-pretty-skin","12":"first","13":"instock","14":"downloadable","15":"taxable","16":"shipping-taxable","17":"purchasable","18":"product-type-simple"},"jetpack_sharing_enabled":true,"_links":{"self":[{"href":"https:\/\/youarepretty.de\/b2b\/wp-json\/wp\/v2\/product\/17428","targetHints":{"allow":["GET"]}}],"collection":[{"href":"https:\/\/youarepretty.de\/b2b\/wp-json\/wp\/v2\/product"}],"about":[{"href":"https:\/\/youarepretty.de\/b2b\/wp-json\/wp\/v2\/types\/product"}],"version-history":[{"count":6,"href":"https:\/\/youarepretty.de\/b2b\/wp-json\/wp\/v2\/product\/17428\/revisions"}],"predecessor-version":[{"id":26708,"href":"https:\/\/youarepretty.de\/b2b\/wp-json\/wp\/v2\/product\/17428\/revisions\/26708"}],"wp:featuredmedia":[{"embeddable":true,"href":"https:\/\/youarepretty.de\/b2b\/wp-json\/wp\/v2\/media\/23572"}],"wp:attachment":[{"href":"https:\/\/youarepretty.de\/b2b\/wp-json\/wp\/v2\/media?parent=17428"}],"wp:term":[{"taxonomy":"product_brand","embeddable":true,"href":"https:\/\/youarepretty.de\/b2b\/wp-json\/wp\/v2\/product_brand?post=17428"},{"taxonomy":"product_cat","embeddable":true,"href":"https:\/\/youarepretty.de\/b2b\/wp-json\/wp\/v2\/product_cat?post=17428"},{"taxonomy":"product_tag","embeddable":true,"href":"https:\/\/youarepretty.de\/b2b\/wp-json\/wp\/v2\/product_tag?post=17428"}],"curies":[{"name":"wp","href":"https:\/\/api.w.org\/{rel}","templated":true}]}}