{"id":17358,"date":"2023-10-04T20:46:42","date_gmt":"2023-10-04T18:46:42","guid":{"rendered":"https:\/\/youarepretty.de\/b2b\/?post_type=product&#038;p=17358"},"modified":"2025-12-02T00:10:04","modified_gmt":"2025-12-01T23:10:04","slug":"kollagenseidenfaeden-zum-nachbestellen","status":"publish","type":"product","link":"https:\/\/youarepretty.de\/b2b\/shop\/kollagenseidenfaeden-zum-nachbestellen\/","title":{"rendered":"Kollagenseidenf\u00e4den zum Nachbestellen"},"content":{"rendered":"<p>Produkthinweise:<\/p>\n<p>Eine Glasampulle beinhaltet 30 XL Kollagenf\u00e4den aus Seidenprotein.<\/p>\n<p>30 F\u00e4den reichen f\u00fcr ca. 3 \u2013 4 Anwendungen.<\/p>\n","protected":false},"excerpt":{"rendered":"<p>Produkthinweise: Eine Glasampulle beinhaltet 30 XL Kollagenf\u00e4den aus Seidenprotein. 30 F\u00e4den reichen f\u00fcr ca. 3 \u2013 4 Anwendungen.<\/p>\n","protected":false},"featured_media":26404,"template":"","meta":[],"product_brand":[],"product_cat":[208,217,128,228,85],"product_tag":[],"class_list":{"0":"post-17358","1":"product","2":"type-product","3":"status-publish","4":"has-post-thumbnail","6":"product_cat-profi-produkte","7":"product_cat-kollagenfaden-lifting","8":"product_cat-prettywoman-code","9":"product_cat-shop-gallery","10":"product_cat-shop-pretty-skin","12":"first","13":"instock","14":"taxable","15":"shipping-taxable","16":"purchasable","17":"product-type-simple"},"jetpack_sharing_enabled":true,"_links":{"self":[{"href":"https:\/\/youarepretty.de\/b2b\/wp-json\/wp\/v2\/product\/17358","targetHints":{"allow":["GET"]}}],"collection":[{"href":"https:\/\/youarepretty.de\/b2b\/wp-json\/wp\/v2\/product"}],"about":[{"href":"https:\/\/youarepretty.de\/b2b\/wp-json\/wp\/v2\/types\/product"}],"version-history":[{"count":1,"href":"https:\/\/youarepretty.de\/b2b\/wp-json\/wp\/v2\/product\/17358\/revisions"}],"predecessor-version":[{"id":17360,"href":"https:\/\/youarepretty.de\/b2b\/wp-json\/wp\/v2\/product\/17358\/revisions\/17360"}],"wp:featuredmedia":[{"embeddable":true,"href":"https:\/\/youarepretty.de\/b2b\/wp-json\/wp\/v2\/media\/26404"}],"wp:attachment":[{"href":"https:\/\/youarepretty.de\/b2b\/wp-json\/wp\/v2\/media?parent=17358"}],"wp:term":[{"taxonomy":"product_brand","embeddable":true,"href":"https:\/\/youarepretty.de\/b2b\/wp-json\/wp\/v2\/product_brand?post=17358"},{"taxonomy":"product_cat","embeddable":true,"href":"https:\/\/youarepretty.de\/b2b\/wp-json\/wp\/v2\/product_cat?post=17358"},{"taxonomy":"product_tag","embeddable":true,"href":"https:\/\/youarepretty.de\/b2b\/wp-json\/wp\/v2\/product_tag?post=17358"}],"curies":[{"name":"wp","href":"https:\/\/api.w.org\/{rel}","templated":true}]}}