{"id":16781,"date":"2023-06-06T16:17:04","date_gmt":"2023-06-06T14:17:04","guid":{"rendered":"https:\/\/youarepretty.de\/b2b\/?post_type=product&#038;p=16781"},"modified":"2025-12-02T00:09:59","modified_gmt":"2025-12-01T23:09:59","slug":"schneealgen-rosenlotion-set","status":"publish","type":"product","link":"https:\/\/youarepretty.de\/b2b\/shop\/schneealgen-rosenlotion-set\/","title":{"rendered":"Schneealgen + RosenlotionWelcome Set"},"content":{"rendered":"<p><strong>1. Produkt im Set:<br \/>\nSchneealgen Maske<\/strong><\/p>\n<p>Anti-Aging Treatment aus der Natur: Schneealgen sind einzellige Algen aus den Schweizer Alpen, die eine ganz besondere F\u00e4higkeit haben: sie \u00fcberleben trotz eisiger K\u00e4lte und starker UV-Strahlung. Sie sind n\u00e4mlich in der Lage, das neu entdeckte Klotho-Gen zu aktivieren; auch \u201edas Langlebigkeits-Gen\u201c genannt. Dieses Gen verlangsamt den Alterungsprozess im menschlichen K\u00f6rper auf nat\u00fcrliche Weise und regt die Kollagensynthese in der Haut an. Empfohlen werden 3-4 Behandlungen im Abstand von 2-3 Wochen, um das Klotho-Gen zu stimulieren und um einen nachhaltigen Effekt zu erzielen. Eine einzigartige Anti-Aging Behandlung mit beeindruckenden Inhaltsstoffen aus der Natur und eine absolute Bereicherung f\u00fcr dich und deine Kabine. Du kannst das Schneealgen Treatment mit anderen Behandlungen kombinieren und uneingeschr\u00e4nkt ganzj\u00e4hrig durchf\u00fchren.<\/p>\n<p><strong>Produkthinweise:<\/strong><\/p>\n<p>+ stimuliert das Klotho-Gen<br \/>\n+ verlangsamt den Alterungsprozess<br \/>\n+ aktiviert die Kollagensynthese nachhaltig<br \/>\n+ starke antioxidative Wirkung<br \/>\n+ regt die Zellneubildung an<br \/>\n+ ausreichend f\u00fcr ca. 5 Anwendungen<br \/>\n+ ganzj\u00e4hrig anwendbar und mit anderen Behandlungen kombinierbar<br \/>\n+ einfache und risikofreie Behandlung<\/p>\n<p><strong>Produktanwendung:<\/strong><\/p>\n<p>R\u00fchre eine Teel\u00f6ffelmenge des Schneealgenpulvers (5 g) mit ca. 10 Teel\u00f6ffeln unserer wohlduftenden Rosenlotion zu einer cremigen, weichen Paste an. Reinige die Gesichtshaut der Kunden fachgerecht ab und wende ein Enzympeeling an. Trage nun die frisch anger\u00fchrte Schneealgenmaske mit einem Kosmetikpinsel auf und lasse diese mindestens 15 Minuten einwirken. Massiere die Maske nach der Einwirkzeit sanft mit den H\u00e4nden ein oder f\u00fchre nach Belieben eine Gesichtsmassage durch. Nimm danach die Reste mit einer warmen Kompresse ab, tonisiere die Haut und trage eine reichhaltige Abschlusspflege auf. Nach Bedarf kannst du auch eine Ampulle vor der Abschlusspflege auftragen. Wiederhole die Behandlung bis zu 3-4 Mal im Abstand von 2-3 Wochen.<\/p>\n<p><strong>2. Produkt im Set:<br \/>\nRosenlotion Skin Toner<\/strong><\/p>\n<p>pH-regulierendes Gesichtswasser mit Rosenextrakt: Unser Rosen-Toner \u00fcberzeugt neben seinem atemberaubenden Duft mit reinsten Inhaltsstoffen. Diese bestehen n\u00e4mlich lediglich aus 2 Inhaltsstoffen und sind damit auch f\u00fcr sensitive Hauttypen geeignet. Rosenextrakte wirken entz\u00fcndungshemmend, beruhigend, hautbildverfeinert und pH-regulierend. Eignet sich hervorragend zur Befeuchtung der Augenpartie w\u00e4hrend der Behandlung mit Kosmetikpads sowie f\u00fcr die t\u00e4gliche Hautpflege. In Verbindung mit der Schneealge erh\u00e4ltst du eine einzigartige Anti-Aging Maske mit zartem Rosenduft und cremigweicher Konsistenz.<\/p>\n<p><strong>Produkthinweise:<\/strong><\/p>\n<p>+ pH-regulierend und feuchtigkeitsspendend<br \/>\n+ hautkl\u00e4rend und porenverfeinernd<br \/>\n+ auch f\u00fcr empfindliche Haut geeignet<br \/>\n+ entz\u00fcndungshemmende Wirkung<\/p>\n<p><strong>3. Produkt im Set:<\/strong><br \/>\n<strong>3-in-1 Smart Brush<\/strong><\/p>\n<p>Der praktische Kosmetikpinsel: ein Must-Have f\u00fcr jede Gesichtsbehandlung! Innovativ, hygienisch, praktisch! Unsere 3-in-1 Smart Brush im eleganten, schlichten Wei\u00df bietet dir gleich drei Funktionen in einem: Gesichtspinsel + Spachtel + Applikator. Produkthinweise und -anwendung siehe <a href=\"https:\/\/youarepretty.de\/b2b\/shop\/smart-brush\/\">3-in-1 Smart Brush \u00bb<\/a><\/p>\n<p><strong>Wir machen CLEAN BEAUTY! Was das hei\u00dft:<\/strong><\/p>\n<p>+ produziert in Deutschland<br \/>\n+ Naturkosmetische Wirkstoffe<br \/>\n+ tierversuchsfrei und vegan<br \/>\n+ Ohne Silikone, Sulfate, Parabene, Mikroplastik und Mineral\u00f6le<\/p>\n<p>Inhalt Maske 30 g <span class=\"klammerfarbe\">(2.800,00 \u20ac \/ 1 kg) und Skin Toner 130 ml (223,08 \u20ac \/ 1 l)<\/span><\/p>\n","protected":false},"excerpt":{"rendered":"<p>Maske: Xylitol, Hydrolyzed Corn Starch, Sodium Carboxymethyl Starch, Maltodextrin, Coenochloris Signiensis Extract, Lecithin, Aqua, Fragrance<\/p>\n<p>Skin Toner: Aqua, Rosa Canina<\/p>\n","protected":false},"featured_media":16780,"template":"","meta":[],"product_brand":[],"product_cat":[208,220,231,85],"product_tag":[],"class_list":{"0":"post-16781","1":"product","2":"type-product","3":"status-publish","4":"has-post-thumbnail","6":"product_cat-profi-produkte","7":"product_cat-wellness-kosmetik","8":"product_cat-shop-extended-gallery","9":"product_cat-shop-pretty-skin","10":"product_shipping_class-dhl","12":"first","13":"instock","14":"sale","15":"taxable","16":"shipping-taxable","17":"purchasable","18":"product-type-simple"},"jetpack_sharing_enabled":true,"_links":{"self":[{"href":"https:\/\/youarepretty.de\/b2b\/wp-json\/wp\/v2\/product\/16781","targetHints":{"allow":["GET"]}}],"collection":[{"href":"https:\/\/youarepretty.de\/b2b\/wp-json\/wp\/v2\/product"}],"about":[{"href":"https:\/\/youarepretty.de\/b2b\/wp-json\/wp\/v2\/types\/product"}],"version-history":[{"count":5,"href":"https:\/\/youarepretty.de\/b2b\/wp-json\/wp\/v2\/product\/16781\/revisions"}],"predecessor-version":[{"id":24807,"href":"https:\/\/youarepretty.de\/b2b\/wp-json\/wp\/v2\/product\/16781\/revisions\/24807"}],"wp:featuredmedia":[{"embeddable":true,"href":"https:\/\/youarepretty.de\/b2b\/wp-json\/wp\/v2\/media\/16780"}],"wp:attachment":[{"href":"https:\/\/youarepretty.de\/b2b\/wp-json\/wp\/v2\/media?parent=16781"}],"wp:term":[{"taxonomy":"product_brand","embeddable":true,"href":"https:\/\/youarepretty.de\/b2b\/wp-json\/wp\/v2\/product_brand?post=16781"},{"taxonomy":"product_cat","embeddable":true,"href":"https:\/\/youarepretty.de\/b2b\/wp-json\/wp\/v2\/product_cat?post=16781"},{"taxonomy":"product_tag","embeddable":true,"href":"https:\/\/youarepretty.de\/b2b\/wp-json\/wp\/v2\/product_tag?post=16781"}],"curies":[{"name":"wp","href":"https:\/\/api.w.org\/{rel}","templated":true}]}}