{"id":16774,"date":"2023-06-06T15:27:59","date_gmt":"2023-06-06T13:27:59","guid":{"rendered":"https:\/\/youarepretty.de\/b2b\/?post_type=product&#038;p=16774"},"modified":"2025-12-02T00:09:59","modified_gmt":"2025-12-01T23:09:59","slug":"rosenlotion-skin-toner","status":"publish","type":"product","link":"https:\/\/youarepretty.de\/b2b\/shop\/rosenlotion-skin-toner\/","title":{"rendered":"Rosenlotion Skin Toner"},"content":{"rendered":"<p><strong>pH-regulierendes Gesichtswasser mit Rosenextrakt<\/strong><\/p>\n<p>Unser Rosen-Toner \u00fcberzeugt neben seinem atemberaubenden Duft mit reinsten Inhaltsstoffen. Diese bestehen n\u00e4mlich lediglich aus 2 Inhaltsstoffen und sind damit auch f\u00fcr sensitive Hauttypen geeignet. Rosenextrakte wirken entz\u00fcndungshemmend, beruhigend, hautbildverfeinert und pH-regulierend. Eignet sich hervorragend zur Befeuchtung der Augenpartie w\u00e4hrend der Behandlung mit Kosmetikpads sowie f\u00fcr die t\u00e4gliche Hautpflege. In Verbindung mit der Schneealge erh\u00e4ltst du eine einzigartige Anti-Aging Maske mit zartem Rosenduft und cremigweicher Konsistenz.<\/p>\n<p><strong>Produkthinweise:<\/strong><\/p>\n<p>+ pH-regulierend und feuchtigkeitsspendend<br \/>\n+ hautkl\u00e4rend und porenverfeinernd<br \/>\n+ auch f\u00fcr empfindliche Haut geeignet<br \/>\n+ entz\u00fcndungshemmende Wirkung<\/p>\n<p><strong>Wir machen CLEAN BEAUTY! Was das hei\u00dft:<\/strong><\/p>\n<p>+ produziert in Deutschland<br \/>\n+ Naturkosmetische Wirkstoffe<br \/>\n+ tierversuchsfrei und vegan<br \/>\n+ Ohne Silikone, Sulfate, Parabene, Mikroplastik und Mineral\u00f6le<\/p>\n<p>Inhalt: 130 ml<\/p>\n","protected":false},"excerpt":{"rendered":"<p>Aqua, Rosa Canina<\/p>\n","protected":false},"featured_media":16770,"template":"","meta":[],"product_brand":[],"product_cat":[208,220,231,85],"product_tag":[],"class_list":{"0":"post-16774","1":"product","2":"type-product","3":"status-publish","4":"has-post-thumbnail","6":"product_cat-profi-produkte","7":"product_cat-wellness-kosmetik","8":"product_cat-shop-extended-gallery","9":"product_cat-shop-pretty-skin","10":"product_shipping_class-dhl","12":"first","13":"instock","14":"taxable","15":"shipping-taxable","16":"purchasable","17":"product-type-simple"},"jetpack_sharing_enabled":true,"_links":{"self":[{"href":"https:\/\/youarepretty.de\/b2b\/wp-json\/wp\/v2\/product\/16774","targetHints":{"allow":["GET"]}}],"collection":[{"href":"https:\/\/youarepretty.de\/b2b\/wp-json\/wp\/v2\/product"}],"about":[{"href":"https:\/\/youarepretty.de\/b2b\/wp-json\/wp\/v2\/types\/product"}],"version-history":[{"count":5,"href":"https:\/\/youarepretty.de\/b2b\/wp-json\/wp\/v2\/product\/16774\/revisions"}],"predecessor-version":[{"id":24809,"href":"https:\/\/youarepretty.de\/b2b\/wp-json\/wp\/v2\/product\/16774\/revisions\/24809"}],"wp:featuredmedia":[{"embeddable":true,"href":"https:\/\/youarepretty.de\/b2b\/wp-json\/wp\/v2\/media\/16770"}],"wp:attachment":[{"href":"https:\/\/youarepretty.de\/b2b\/wp-json\/wp\/v2\/media?parent=16774"}],"wp:term":[{"taxonomy":"product_brand","embeddable":true,"href":"https:\/\/youarepretty.de\/b2b\/wp-json\/wp\/v2\/product_brand?post=16774"},{"taxonomy":"product_cat","embeddable":true,"href":"https:\/\/youarepretty.de\/b2b\/wp-json\/wp\/v2\/product_cat?post=16774"},{"taxonomy":"product_tag","embeddable":true,"href":"https:\/\/youarepretty.de\/b2b\/wp-json\/wp\/v2\/product_tag?post=16774"}],"curies":[{"name":"wp","href":"https:\/\/api.w.org\/{rel}","templated":true}]}}