{"id":15615,"date":"2022-12-21T15:17:24","date_gmt":"2022-12-21T14:17:24","guid":{"rendered":"https:\/\/youarepretty.de\/b2b\/?post_type=product&#038;p=15615"},"modified":"2025-12-08T08:00:52","modified_gmt":"2025-12-08T07:00:52","slug":"aqua-facial-solutions-starterset","status":"publish","type":"product","link":"https:\/\/youarepretty.de\/b2b\/shop\/aqua-facial-solutions-starterset\/","title":{"rendered":"Aqua Facial SolutionsStarterset 4-teilig"},"content":{"rendered":"<p>Bestelle unsere hochqualitativen Aqua Facial Solutions auf Neurokosmetikbasis im praktischen 4er Set zum Kennenlernen.<\/p>\n<p>Unsere Solutions werden in Deutschland hergestellt und \u00fcberzeugen durch nat\u00fcrliche Inhaltsstoffe und hochwirksamen Neurowirkstoffen.<\/p>\n<p>Mit dem bew\u00e4hrten 4-Phasen-System erzielst du bei deiner Aqua Facial Behandlung in 4 Schritten das perfekte Hautergebnis ohne zus\u00e4tzlichen Materialeinsatz.<\/p>\n<p style=\"font-weight: 400\"><strong>Phase 1 mit Solution 1:<\/strong> Tiefenreinigung und Exfolierung<\/p>\n<p style=\"font-weight: 400\"><strong>Phase 2 mit Solution 2:<\/strong> Peeling, Porenreinigung und Abschuppen<\/p>\n<p style=\"font-weight: 400\"><strong>Phase 3 mit Solution 3:<\/strong> Feuchtigkeitsversorgung, Beruhigung und Antiaging<\/p>\n<p><strong>Phase 4 mit Solution 4:<\/strong> Straffung, Schutz und Glow Finish (mit Oxygenspray oder Pinsel auftragen)<\/p>\n<p>&nbsp;<\/p>\n<p><strong>Wichtig:<\/strong> bei unseren Solutions handelt es sich um hochdosierte Wirkstoffseren, die von der Haut aufgenommen werden! Bitte beachte die empfohlene Menge pro Solution.<\/p>\n<p><strong>Lieferumfang:<br \/>\n<\/strong>1 x 500 ml Solution 1<br \/>\n1 x 500 ml Solution 2<br \/>\n1 x 500 ml Solution 3<br \/>\n1 x 200 ml Solution 4<\/p>\n<p style=\"font-weight: 400\">\n<hr \/>\n<p>&nbsp;<\/p>\n<p style=\"font-weight: 400\"><strong>S1: Schritt 1 der 4-Phasen-Behandlung<\/strong><\/p>\n<p style=\"font-weight: 400\">Die intensive Reinigungssolution bereitet die Haut ideal vor: sie befreit die Hautoberfl\u00e4che sanft von Talg und Unreinheiten, \u00f6ffnet die Poren und weicht Verhornungen auf. Unebenheiten werden aufgehellt, Entz\u00fcndungen gemildert und die Haut wird stark exfoliert.<\/p>\n<p style=\"font-weight: 400\">F\u00fcr jeden Hauttyp geeignet. 500 ml reichen f\u00fcr bis zu 15 Anwendungen bei ca 30-40 ml pro Anwendung.<\/p>\n<p><strong>DIE NEUROWIRKSTOFFE:<\/strong><\/p>\n<p style=\"font-weight: 400\"><strong>Milchs\u00e4ure (AHA)<\/strong> l\u00f6st sanft verhornte Zellen, reduziert Unreinheiten und unterst\u00fctzt den S\u00e4ureschutzmantel unserer Haut.<\/p>\n<p style=\"font-weight: 400\"><strong>Tranexams\u00e4ure<\/strong> wirkt aufhellend und reguliert Entz\u00fcndungsprozesse, R\u00f6tungen und Irritationen.<\/p>\n<p style=\"font-weight: 400\"><strong>Panthenol<\/strong> beruhigt gereizte Haut, reduziert R\u00f6tungen und Juckreiz und hat eine neuro-beruhigende Wirkung auf unsere Hautrezeptoren.<\/p>\n<p style=\"font-weight: 400\"><strong>Salbei<\/strong> enth\u00e4lt Phytoverbindungen, die antioxidativ und adaptogen wirken und somit die Stressreaktionen in der Haut senken.<\/p>\n<p style=\"font-weight: 400\"><strong>Hyaluron<\/strong> verbessert die Tiefenhydration und unterst\u00fctzt die Balance zwischen Hautbarriere und Nervenenden.<\/p>\n<p style=\"font-weight: 400\">\n<p style=\"font-weight: 400\">\n<hr \/>\n<p>&nbsp;<\/p>\n<p style=\"font-weight: 400\">\n<p style=\"font-weight: 400\"><strong>S2: Schritt 2 der 4-Phasen-Behandlung<\/strong><\/p>\n<p style=\"font-weight: 400\">Die Peelingsolution auf Salizyls\u00e4urebasis befreit von Unreinheiten, l\u00f6st die Zellverbindungen zwischen den Hornzellen und hilft der Haut beim Abschuppen. Sie wirkt entz\u00fcndungshemmend, reduziert Unreinheiten und Pigmentflecke und beruhigt irritierte Haut w\u00e4hrend dem Ausreinigen.<\/p>\n<p style=\"font-weight: 400\">F\u00fcr jeden Hauttyp geeignet. 500 ml reichen f\u00fcr bis zu 15 Anwendungen bei ca 30-40 ml pro Anwendung.<\/p>\n<p><strong>DIE NEUROWIRKSTOFFE:<\/strong><\/p>\n<p style=\"font-weight: 400\"><strong>Niacinamid (Vitamin B3<\/strong>) st\u00e4rkt die Hautbarriere, spendet Feuchtigkeit, gl\u00e4ttet die Hautstruktur und reduziert Pigmentflecken.<\/p>\n<p style=\"font-weight: 400\"><strong>Salicyls\u00e4ure (BHA)<\/strong> l\u00f6st abgestorbene Hautzellen, reinigt Poren und wirkt antientz\u00fcndlich.<\/p>\n<p style=\"font-weight: 400\"><strong>Weidenrinde<\/strong> wirkt entz\u00fcndungshemmend, antioxidativ verfeinert die Poren.<\/p>\n<p style=\"font-weight: 400\"><strong>Panthenol <\/strong>\u00a0unterst\u00fctzt die Heilung, regeneriert und beruhigt gereizte Haut.<\/p>\n<p style=\"font-weight: 400\"><strong>Lotusbl\u00fcte<\/strong> wirkt beruhigend, antioxidativ und sch\u00fctzt vor oxidativem Stress.<\/p>\n<p style=\"font-weight: 400\"><strong>Glycerin <\/strong>sch\u00fctzt die Haut vor dem Austrocknen, macht sie praller und geschmeidig.<\/p>\n<p style=\"font-weight: 400\"><strong>Rettichwurzel <\/strong>unterst\u00fctzt das Mikrobiom, wirkt antimikrobiell und feuchtigkeitsspendend.<\/p>\n<p style=\"font-weight: 400\"><strong>Hyaluron <\/strong>in 3 Molek\u00fclgr\u00f6\u00dfen versorgt mehrschichtig mit Feuchtigkeit und polstert auf.<\/p>\n<hr \/>\n<p style=\"font-weight: 400\"><strong>S3: Schritt 3 der 4-Phasen-Behandlung<\/strong><\/p>\n<p style=\"font-weight: 400\">Die intensive Feuchtigkeits- und Repairsolution st\u00e4rkt die Hautbarriere und unterst\u00fctzt die Regeneration. Gereizte, irritierte Haut wird beruhigt und die Zellerneuerung gezielt gef\u00f6rdert. Ein ausgewogener Peptid-Anteil sorgt f\u00fcr einen sicht- und sp\u00fcrbaren Anti-Aging-Effekt.<\/p>\n<p style=\"font-weight: 400\">F\u00fcr jeden Hauttyp geeignet. 500 ml reichen f\u00fcr bis zu 15 Anwendungen bei ca 30-40 ml pro Anwendung.<\/p>\n<p>&nbsp;<\/p>\n<p><strong>DIE NEUROWIRKSTOFFE:<\/strong><\/p>\n<p style=\"font-weight: 400\"><strong>Hyaluron<\/strong> in 3 Molek\u00fclgr\u00f6\u00dfen versorgt die Haut mehrschichtig mit Feuchtigkeit, polstert sie auf und verbessert die Elastizit\u00e4t.<\/p>\n<p style=\"font-weight: 400\"><strong>Rettichwurzel <\/strong>unterst\u00fctzt das k\u00f6rpereigene Hautmikrobiom und wirkt antimikrobiell.<\/p>\n<p style=\"font-weight: 400\"><strong>Ginsengwurzel<\/strong> wirkt entz\u00fcndungshemmend und f\u00f6rdert die Sauerstoffaufnahme der Haut.<\/p>\n<p style=\"font-weight: 400\"><strong>Gr\u00fcnalge<\/strong> ist reich an Mineralstoffen und Spurenelementen und sch\u00fctzt vor freien Radikalen.<\/p>\n<p style=\"font-weight: 400\"><strong>Mariendistel<\/strong> wirkt stark antioxidativ, regenerierend und beruhigt gestresste Haut.<\/p>\n<p style=\"font-weight: 400\"><strong>Gerste<\/strong> entgiftet, wirkt antioxidativ und f\u00f6rdert die Heilung.<\/p>\n<p style=\"font-weight: 400\"><strong>Hirschwurzel<\/strong> regt die Kollagenproduktion an und festigt die Haut.<\/p>\n<p style=\"font-weight: 400\"><strong>Basilikum<\/strong> ist reich an Vitamin A und C, wirkt antimikrobiell und antioxidativ.<\/p>\n<p style=\"font-weight: 400\"><strong>Weizenkeim<\/strong> hat eine durchblutungsf\u00f6rdernde, antioxidative und regenerierende Wirkung.<\/p>\n<p style=\"font-weight: 400\"><strong>Apfel + Pfirsich<\/strong> sind reich an Vitaminen, Mineralien und sch\u00fctzen durch Flavonoide.<\/p>\n<hr \/>\n<p style=\"font-weight: 400\"><strong>S4: Schritt 4 der 4-Phasen-Behandlung<\/strong><\/p>\n<p style=\"font-weight: 400\">F\u00fcr den beliebten \u201eGlow\u201c sorgt die Solution 4, welche idealerweise mit dem Oxygenspray aufgetragen wird. Die leichte, feuchtigkeitsreiche Formulierung mit Peptiden gl\u00e4ttet und strafft die Haut sichtbar ohne zu Beschweren. Die Haut wird versiegelt und ist nun ideal gesch\u00fctzt. Alternativ kann die S4 mehrfach mit einem Pinsel aufgetragen werden.<\/p>\n<p style=\"font-weight: 400\">F\u00fcr jeden Hauttyp geeignet. 200 ml reichen f\u00fcr 40 Anwendungen a 5 ml.<\/p>\n<p>&nbsp;<\/p>\n<p><strong>DIE NEUROWIRKSTOFFE:<\/strong><\/p>\n<p style=\"font-weight: 400\"><strong>Aloe Vera<\/strong> spendet Feuchtigkeit, wirkt k\u00fchlend, entz\u00fcndungshemmend und beruhigend.<\/p>\n<p style=\"font-weight: 400\"><strong>Acetyl Hexapeptide-8 &amp; Pentapeptide-18<\/strong> entspannen die Gesichtsmuskulatur und reduzieren sichtbar mimische Falten \u2013 f\u00fcr den \u201elike Botox\u201c Effekt.<\/p>\n<p style=\"font-weight: 400\"><strong>Hyaluron <\/strong>in 3 Molek\u00fclgr\u00f6\u00dfen sorgt f\u00fcr intensive Hydration und sichtbare Hautstraffung.<\/p>\n<p style=\"font-weight: 400\"><strong>Rettichwurzel <\/strong>unterst\u00fctzt das Mikrobiom, wirkt antimikrobiell und feuchtigkeitsspendend.<\/p>\n<p style=\"font-weight: 400\"><strong>Panthenol<\/strong> beruhigt gereizte Haut, reduziert R\u00f6tungen und Juckreiz und hat eine neuro-beruhigende Wirkung auf unsere Hautrezeptoren.<\/p>\n<p style=\"font-weight: 400\"><strong>Beta-Carotin<\/strong> ist reich an Vitamin C und Antioxidantien und verleiht einen strahlenden Glow.<\/p>\n<hr \/>\n<p><strong>Produkthinweise:<\/strong><\/p>\n<p>+ Neuroaktive Neurokosmetik<br \/>\n+ In Deutschland hergestellt<br \/>\n+ Vegan und Tierversuchsfrei<br \/>\n+ 95 % nat\u00fcrliche Wirkstoffe<br \/>\n+ ohne Parabene, Silikone &amp; F\u00fcllstoffe<br \/>\n+ Mit allen Ger\u00e4ten kompatibel<br \/>\n+ K\u00fchl, dunkel und trocken lagern<br \/>\n+ Nach Anbruch 6 Monate haltbar<\/p>\n<p style=\"font-weight: 400\">Mit unserem bew\u00e4hrten 4-Phasen-System erzielst du bei deiner Aqua Facial Behandlung in 4 Schritten das perfekte Hautergebnis ohne weiteren Materialeinsatz. F\u00fcr ein sicht- und sp\u00fcrbares Ergebnis f\u00fcr dich und deine Kunden!<\/p>\n","protected":false},"excerpt":{"rendered":"<p>S1: aqua, propanediol, tranexamic acid, glycerin, lactic acid, panthenol, sodium levulinate, leuconostoc\/radish root ferment filtrate, potassium sorbate, pentylene glycol, salvia sclarea (clary) extract, sodium hyaluronate, sodium benzoate, citric acid. \/ S2: aqua, propanediol, niacinamide, glycerin, panthenol, sodium levulinate, leuconostoc\/radish root ferment filtrate, methylpropanediol, potassium sorbate, pentylene glycol, 4-terpineol, salicylic acid, sodium hyaluronate, nelumbo nucifera flower extract, nymphaea caerulea flower extract, salix alba (willow) bark extract, citric acid. \/ S3: aqua, propanediol, sodium levulinate, leuconostoc\/radish root ferment filtrate, hordeum vulgare seed extract, pyrus malus juice, prunus persica juice, triticum vulgare seed extract, potassium sorbate, panax ginseng root extract, pentylene glycol, ziziphus jujuba seed extract, enteromorpha compressa extract, glyceryl caprylate, sodium hyaluronate, phytoecdysteroids, silybum marianum fruit extract, ocimum sanctum leaf extract, sodium benzoate, glyceryl undecylenate, citric acid. \/ S4: aqua, aloe barbadensis leaf juice, glycerin, panthenol, sodium levulinate, leuconostoc\/radish root ferment filtrate, potassium sorbate, pentylene glycol, daucus carota sativa root extract, sodium hyaluronate, caprylyl glycol, sodium benzoate, citric acid, acetyl hexapeptide-8, pentapeptide-18.<\/p>\n","protected":false},"featured_media":26853,"template":"","meta":[],"product_brand":[],"product_cat":[208,212,231,85],"product_tag":[],"class_list":{"0":"post-15615","1":"product","2":"type-product","3":"status-publish","4":"has-post-thumbnail","6":"product_cat-profi-produkte","7":"product_cat-aqua-facial","8":"product_cat-shop-extended-gallery","9":"product_cat-shop-pretty-skin","10":"product_shipping_class-dhl","12":"first","13":"instock","14":"sale","15":"taxable","16":"shipping-taxable","17":"purchasable","18":"product-type-simple"},"jetpack_sharing_enabled":true,"_links":{"self":[{"href":"https:\/\/youarepretty.de\/b2b\/wp-json\/wp\/v2\/product\/15615","targetHints":{"allow":["GET"]}}],"collection":[{"href":"https:\/\/youarepretty.de\/b2b\/wp-json\/wp\/v2\/product"}],"about":[{"href":"https:\/\/youarepretty.de\/b2b\/wp-json\/wp\/v2\/types\/product"}],"version-history":[{"count":16,"href":"https:\/\/youarepretty.de\/b2b\/wp-json\/wp\/v2\/product\/15615\/revisions"}],"predecessor-version":[{"id":27929,"href":"https:\/\/youarepretty.de\/b2b\/wp-json\/wp\/v2\/product\/15615\/revisions\/27929"}],"wp:featuredmedia":[{"embeddable":true,"href":"https:\/\/youarepretty.de\/b2b\/wp-json\/wp\/v2\/media\/26853"}],"wp:attachment":[{"href":"https:\/\/youarepretty.de\/b2b\/wp-json\/wp\/v2\/media?parent=15615"}],"wp:term":[{"taxonomy":"product_brand","embeddable":true,"href":"https:\/\/youarepretty.de\/b2b\/wp-json\/wp\/v2\/product_brand?post=15615"},{"taxonomy":"product_cat","embeddable":true,"href":"https:\/\/youarepretty.de\/b2b\/wp-json\/wp\/v2\/product_cat?post=15615"},{"taxonomy":"product_tag","embeddable":true,"href":"https:\/\/youarepretty.de\/b2b\/wp-json\/wp\/v2\/product_tag?post=15615"}],"curies":[{"name":"wp","href":"https:\/\/api.w.org\/{rel}","templated":true}]}}