{"id":15604,"date":"2022-12-21T14:28:37","date_gmt":"2022-12-21T13:28:37","guid":{"rendered":"https:\/\/youarepretty.de\/b2b\/?post_type=product&#038;p=15604"},"modified":"2025-12-08T08:00:05","modified_gmt":"2025-12-08T07:00:05","slug":"aqua-facial-solution-1-deep-clean","status":"publish","type":"product","link":"https:\/\/youarepretty.de\/b2b\/shop\/aqua-facial-solution-1-deep-clean\/","title":{"rendered":"Aqua Facial Solution 1 Deep Clean"},"content":{"rendered":"<p style=\"font-weight: 400\"><strong>S1: Schritt 1 der 4-Phasen-Behandlung<\/strong><\/p>\n<p style=\"font-weight: 400\">Die intensive Reinigungssolution bereitet die Haut ideal vor: sie befreit die Hautoberfl\u00e4che sanft von Talg und Unreinheiten, \u00f6ffnet die Poren und weicht Verhornungen auf. Unebenheiten werden aufgehellt, Entz\u00fcndungen gemildert und die Haut wird stark exfoliert.<\/p>\n<p style=\"font-weight: 400\">F\u00fcr jeden Hauttyp geeignet. 500 ml reichen f\u00fcr bis zu 15 Anwendungen.<\/p>\n<p style=\"font-weight: 400\">Mit unserem bew\u00e4hrten 4-Phasen-System erzielst du bei deiner Aqua Facial Behandlung in 4 Schritten das perfekte Hautergebnis ohne weiteren Materialeinsatz. F\u00fcr ein sicht- und sp\u00fcrbares Ergebnis f\u00fcr dich und deine Kunden!<\/p>\n<p style=\"font-weight: 400\"><strong>Phase 1 mit Solution 1: <\/strong>Tiefenreinigung und Exfolierung<\/p>\n<p style=\"font-weight: 400\"><strong>Phase 2 mit Solution 2:<\/strong> Peeling, Porenreinigung und Abschuppen<\/p>\n<p style=\"font-weight: 400\"><strong>Phase 3 mit Solution 3: <\/strong>Feuchtigkeitsversorgung, Beruhigung und Antiaging<\/p>\n<p style=\"font-weight: 400\"><strong>Phase 4 mit Solution 4:<\/strong> Straffung, Schutz und Glow Finish (mit Oxygenspray oder Pinsel)<\/p>\n<p>&nbsp;<\/p>\n<hr \/>\n<p><strong>DIE NEUROWIRKSTOFFE:<\/strong><\/p>\n<p style=\"font-weight: 400\"><strong>Milchs\u00e4ure (AHA)<\/strong> l\u00f6st sanft verhornte Zellen, reduziert Unreinheiten und unterst\u00fctzt den S\u00e4ureschutzmantel unserer Haut.<\/p>\n<p style=\"font-weight: 400\"><strong>Tranexams\u00e4ure<\/strong> wirkt aufhellend und reguliert Entz\u00fcndungsprozesse, R\u00f6tungen und Irritationen.<\/p>\n<p style=\"font-weight: 400\"><strong>Panthenol<\/strong> beruhigt gereizte Haut, reduziert R\u00f6tungen und Juckreiz und hat eine neuro-beruhigende Wirkung auf unsere Hautrezeptoren.<\/p>\n<p style=\"font-weight: 400\"><strong>Salbei<\/strong> enth\u00e4lt Phytoverbindungen, die antioxidativ und adaptogen wirken und somit die Stressreaktionen in der Haut senken.<\/p>\n<p style=\"font-weight: 400\"><strong>Hyaluron<\/strong> verbessert die Tiefenhydration und unterst\u00fctzt die Balance zwischen Hautbarriere und Nervenenden.<\/p>\n<hr \/>\n<p><strong>Produkthinweise:<\/strong><\/p>\n<p>+ Neuroaktive Wirkstoffkosmetik<br \/>\n+ In Deutschland hergestellt<br \/>\n+ 95 % nat\u00fcrliche Wirkstoffe<br \/>\n+ Vegan und tierversuchsfrei<br \/>\n+ ohne Parabene, Silikone &amp; F\u00fcllstoffe<br \/>\n+ Mit allen Ger\u00e4ten kompatibel+ K\u00fchl und trocken lagern<br \/>\n+ Nach Anbruch 6 Monate haltbar<\/p>\n","protected":false},"excerpt":{"rendered":"<p style=\"font-weight: 400\">AQUA, PROPANEDIOL, TRANEXAMIC ACID, GLYCERIN, LACTIC ACID, PANTHENOL, SODIUM LEVULINATE, LEUCONOSTOC\/RADISH ROOT FERMENT FILTRATE, POTASSIUM SORBATE, PENTYLENE GLYCOL, SALVIA SCLAREA (CLARY), EXTRACT, SODIUM HYALURONATE, SODIUM BENZOATE, CITRIC ACID<\/p>\n","protected":false},"featured_media":26860,"template":"","meta":[],"product_brand":[],"product_cat":[208,212,231,85],"product_tag":[],"class_list":{"0":"post-15604","1":"product","2":"type-product","3":"status-publish","4":"has-post-thumbnail","6":"product_cat-profi-produkte","7":"product_cat-aqua-facial","8":"product_cat-shop-extended-gallery","9":"product_cat-shop-pretty-skin","10":"product_shipping_class-dhl","12":"first","13":"instock","14":"taxable","15":"shipping-taxable","16":"purchasable","17":"product-type-simple"},"jetpack_sharing_enabled":true,"_links":{"self":[{"href":"https:\/\/youarepretty.de\/b2b\/wp-json\/wp\/v2\/product\/15604","targetHints":{"allow":["GET"]}}],"collection":[{"href":"https:\/\/youarepretty.de\/b2b\/wp-json\/wp\/v2\/product"}],"about":[{"href":"https:\/\/youarepretty.de\/b2b\/wp-json\/wp\/v2\/types\/product"}],"version-history":[{"count":14,"href":"https:\/\/youarepretty.de\/b2b\/wp-json\/wp\/v2\/product\/15604\/revisions"}],"predecessor-version":[{"id":27928,"href":"https:\/\/youarepretty.de\/b2b\/wp-json\/wp\/v2\/product\/15604\/revisions\/27928"}],"wp:featuredmedia":[{"embeddable":true,"href":"https:\/\/youarepretty.de\/b2b\/wp-json\/wp\/v2\/media\/26860"}],"wp:attachment":[{"href":"https:\/\/youarepretty.de\/b2b\/wp-json\/wp\/v2\/media?parent=15604"}],"wp:term":[{"taxonomy":"product_brand","embeddable":true,"href":"https:\/\/youarepretty.de\/b2b\/wp-json\/wp\/v2\/product_brand?post=15604"},{"taxonomy":"product_cat","embeddable":true,"href":"https:\/\/youarepretty.de\/b2b\/wp-json\/wp\/v2\/product_cat?post=15604"},{"taxonomy":"product_tag","embeddable":true,"href":"https:\/\/youarepretty.de\/b2b\/wp-json\/wp\/v2\/product_tag?post=15604"}],"curies":[{"name":"wp","href":"https:\/\/api.w.org\/{rel}","templated":true}]}}