{"id":15419,"date":"2022-12-13T13:14:26","date_gmt":"2022-12-13T12:14:26","guid":{"rendered":"https:\/\/youarepretty.de\/b2b\/?post_type=product&#038;p=15419"},"modified":"2025-12-02T00:09:58","modified_gmt":"2025-12-01T23:09:58","slug":"rio-brazilian-keratin","status":"publish","type":"product","link":"https:\/\/youarepretty.de\/b2b\/shop\/rio-brazilian-keratin\/","title":{"rendered":"Rio Brazilian Keratin"},"content":{"rendered":"<p>RIO ist das Keratin Upgrade f\u00fcr alle Blondinen und das absolute Musthave bei der professionellen Karatingl\u00e4ttung in deiner Kabine: es neutralisiert den unerw\u00fcnschten Gelbstich, hellt die Haarfarbe auf und l\u00e4sst jeden Blondton k\u00fchl und frisch erstrahlen. Die Sara K Keratin Produkte enthalten keine chemischen Inhaltsstoffe und basieren auf einer rein biologischen Formel. Sie gl\u00e4tten, reparieren und regenerieren jede Haarstruktur und zaubern einen dauerhaft strahlenden Glanz und seidig glattes Haar bis in die Spitzen.<\/p>\n<p><strong>Produkthinweise:<\/strong><\/p>\n<p>\u2022 100 % frei von Formaldehyd<br \/>\n\u2022 Ausreichend f\u00fcr ca. 7-10 Anwendungen<br \/>\n\u2022 Nat\u00fcrliche Inhaltsstoffe: Macadamia, Aminos\u00e4ure, Milchs\u00e4ure, Kollagen<br \/>\n\u2022 Repariert und gl\u00e4ttet bis in die Spitzen<br \/>\n\u2022 Glattes, seidiges Haar ohne aufw\u00e4ndiges Gl\u00e4tten<br \/>\n\u2022 Hinterl\u00e4sst einen tropischen Duft<\/p>\n<p><strong>Anwendungshinweise:<\/strong><\/p>\n<p>Mische RIO und CARNIVAL im Verh\u00e4ltnis 1:1 und f\u00fchre die Keratingl\u00e4ttung wie gewohnt durch: nachdem das Haar mehrfach tiefengereinigt und vollst\u00e4ndig getrocknet wurde, trage das Keratin auf das trockene (!) Haar auf. Teile hierzu das Haar sauber ab und k\u00e4mme die Haare pr\u00e4zise durch. Nach der Einwirkzeit von 45-60 Minuten sp\u00fcle mit klarem Wasser nur 50-60 % des Keratins aus dem Haar aus. Trockne das Haar nun vollst\u00e4ndig mit F\u00f6hn und Rundb\u00fcrste. Im Anschluss gl\u00e4tte das Haar Str\u00e4hne f\u00fcr Str\u00e4hne mehrfach mit mindestens 210 bis 240 Grad und arbeite so das Keratin in die Haarschicht ein.<\/p>\n<p><strong>Beachte unbedingt die erforderlichen Nachpflegehinweise und Tipps im Schulungsskript, um ein Ergebnis bis zu 5 Monaten zu erzielen und um eine professionelle Anwendung zu gew\u00e4hrleisten! Unsere Keratingl\u00e4ttungsschulungen gibt es online und vor Ort bei unseren deutschlandweiten Trainern.<\/strong><\/p>\n<p>Inhalt: 500 ml<\/p>\n","protected":false},"excerpt":{"rendered":"<p>RIO ist das Keratin Upgrade f\u00fcr alle Blondinen und das absolute Musthave bei der professionellen Karatingl\u00e4ttung in deiner Kabine: es neutralisiert den unerw\u00fcnschten Gelbstich, hellt die Haarfarbe auf und l\u00e4sst jeden Blondton k\u00fchl und frisch erstrahlen. Die Sara K Keratin Produkte enthalten keine chemischen Inhaltsstoffe und basieren auf einer rein biologischen Formel. Sie gl\u00e4tten, reparieren [&hellip;]<\/p>\n","protected":false},"featured_media":15424,"template":"","meta":[],"product_brand":[],"product_cat":[208,216,128,228,84],"product_tag":[],"class_list":{"0":"post-15419","1":"product","2":"type-product","3":"status-publish","4":"has-post-thumbnail","6":"product_cat-profi-produkte","7":"product_cat-keratinglaettung","8":"product_cat-prettywoman-code","9":"product_cat-shop-gallery","10":"product_cat-shop-pretty-hair","12":"first","13":"instock","14":"sale","15":"taxable","16":"shipping-taxable","17":"purchasable","18":"product-type-simple"},"jetpack_sharing_enabled":true,"_links":{"self":[{"href":"https:\/\/youarepretty.de\/b2b\/wp-json\/wp\/v2\/product\/15419","targetHints":{"allow":["GET"]}}],"collection":[{"href":"https:\/\/youarepretty.de\/b2b\/wp-json\/wp\/v2\/product"}],"about":[{"href":"https:\/\/youarepretty.de\/b2b\/wp-json\/wp\/v2\/types\/product"}],"version-history":[{"count":5,"href":"https:\/\/youarepretty.de\/b2b\/wp-json\/wp\/v2\/product\/15419\/revisions"}],"predecessor-version":[{"id":24814,"href":"https:\/\/youarepretty.de\/b2b\/wp-json\/wp\/v2\/product\/15419\/revisions\/24814"}],"wp:featuredmedia":[{"embeddable":true,"href":"https:\/\/youarepretty.de\/b2b\/wp-json\/wp\/v2\/media\/15424"}],"wp:attachment":[{"href":"https:\/\/youarepretty.de\/b2b\/wp-json\/wp\/v2\/media?parent=15419"}],"wp:term":[{"taxonomy":"product_brand","embeddable":true,"href":"https:\/\/youarepretty.de\/b2b\/wp-json\/wp\/v2\/product_brand?post=15419"},{"taxonomy":"product_cat","embeddable":true,"href":"https:\/\/youarepretty.de\/b2b\/wp-json\/wp\/v2\/product_cat?post=15419"},{"taxonomy":"product_tag","embeddable":true,"href":"https:\/\/youarepretty.de\/b2b\/wp-json\/wp\/v2\/product_tag?post=15419"}],"curies":[{"name":"wp","href":"https:\/\/api.w.org\/{rel}","templated":true}]}}