{"id":15412,"date":"2022-12-13T12:44:13","date_gmt":"2022-12-13T11:44:13","guid":{"rendered":"https:\/\/youarepretty.de\/b2b\/?post_type=product&#038;p=15412"},"modified":"2025-12-13T19:53:19","modified_gmt":"2025-12-13T18:53:19","slug":"carnival-brazilian-keratin","status":"publish","type":"product","link":"https:\/\/youarepretty.de\/b2b\/shop\/carnival-brazilian-keratin\/","title":{"rendered":"Carnival Brazilian Keratin"},"content":{"rendered":"<p>CARNIVAL ist das Original Keratin aus Brasilien ohne chemische Inhaltsstoffe f\u00fcr den Professional Bereich. Es gl\u00e4ttet lockiges, spr\u00f6des und widerspenstiges Haar nur durch nat\u00fcrliche Wirkstoffe und repariert es bis in die Spitzen. Die Sara K Keratin Produkte enthalten keine chemischen Inhaltsstoffe und basieren auf einer rein biologischen Formel. Sie gl\u00e4tten, reparieren und regenerieren jede Haarstruktur und zaubern einen dauerhaft strahlenden Glanz und seidig glattes Haar bis in die Spitzen.<\/p>\n<p><strong>Produkthinweise:<\/strong><\/p>\n<p>\u2022 100 % frei von Formaldehyd<br \/>\n\u2022 Ausreichend f\u00fcr ca. 5 Anwendungen<br \/>\n\u2022 Nat\u00fcrliche Inhaltsstoffe: Macadamia, Aminos\u00e4ure, Milchs\u00e4ure, Kollagen<br \/>\n\u2022 Repariert und gl\u00e4ttet bis in die Spitzen<br \/>\n\u2022 Glattes, seidiges Haar ohne aufw\u00e4ndiges Gl\u00e4tten<br \/>\n\u2022 Hinterl\u00e4sst einen tropischen Duft<\/p>\n<p><strong>Anwendungshinweise:<\/strong><\/p>\n<p>Nachdem du das Haar mehrfach tiefengereinigt und vollst\u00e4ndig getrocknet hast, tr\u00e4gst du das Keratin auf das trockene (!) Haar auf. Teile hierzu das Haar sauber ab und k\u00e4mme die Haare pr\u00e4zise durch. Nach der Einwirkzeit von 45-60 Minuten sp\u00fcle mit klarem Wasser nur 50-60 % des Keratins aus dem Haar aus. Trockne das Haar nun vollst\u00e4ndig mit F\u00f6hn und Rundb\u00fcrste. Im Anschluss gl\u00e4tte das Haar Str\u00e4hne f\u00fcr Str\u00e4hne mehrfach mit mindestens 210 bis 240 Grad und arbeite so das Keratin in die Haarschicht ein.<\/p>\n<p><strong>Beachte unbedingt die erforderlichen Nachpflegehinweise und Tipps im Schulungsskript, um ein Ergebnis bis zu 5 Monaten zu erzielen und um eine professionelle Anwendung zu gew\u00e4hrleisten! Unsere Keratingl\u00e4ttungsschulungen gibt es online und vor Ort bei unseren deutschlandweiten Trainern.<\/strong><\/p>\n<p>Inhalt: 500 ml<\/p>\n","protected":false},"excerpt":{"rendered":"<p>CARNIVAL ist das Original Keratin aus Brasilien ohne chemische Inhaltsstoffe f\u00fcr den Professional Bereich. Es gl\u00e4ttet lockiges, spr\u00f6des und widerspenstiges Haar nur durch nat\u00fcrliche Wirkstoffe und repariert es bis in die Spitzen. Die Sara K Keratin Produkte enthalten keine chemischen Inhaltsstoffe und basieren auf einer rein biologischen Formel. Sie gl\u00e4tten, reparieren und regenerieren jede Haarstruktur [&hellip;]<\/p>\n","protected":false},"featured_media":15425,"template":"","meta":[],"product_brand":[],"product_cat":[208,216,128,228,84],"product_tag":[],"class_list":{"0":"post-15412","1":"product","2":"type-product","3":"status-publish","4":"has-post-thumbnail","6":"product_cat-profi-produkte","7":"product_cat-keratinglaettung","8":"product_cat-prettywoman-code","9":"product_cat-shop-gallery","10":"product_cat-shop-pretty-hair","12":"first","13":"outofstock","14":"taxable","15":"shipping-taxable","16":"purchasable","17":"product-type-simple"},"jetpack_sharing_enabled":true,"_links":{"self":[{"href":"https:\/\/youarepretty.de\/b2b\/wp-json\/wp\/v2\/product\/15412","targetHints":{"allow":["GET"]}}],"collection":[{"href":"https:\/\/youarepretty.de\/b2b\/wp-json\/wp\/v2\/product"}],"about":[{"href":"https:\/\/youarepretty.de\/b2b\/wp-json\/wp\/v2\/types\/product"}],"version-history":[{"count":5,"href":"https:\/\/youarepretty.de\/b2b\/wp-json\/wp\/v2\/product\/15412\/revisions"}],"predecessor-version":[{"id":24956,"href":"https:\/\/youarepretty.de\/b2b\/wp-json\/wp\/v2\/product\/15412\/revisions\/24956"}],"wp:featuredmedia":[{"embeddable":true,"href":"https:\/\/youarepretty.de\/b2b\/wp-json\/wp\/v2\/media\/15425"}],"wp:attachment":[{"href":"https:\/\/youarepretty.de\/b2b\/wp-json\/wp\/v2\/media?parent=15412"}],"wp:term":[{"taxonomy":"product_brand","embeddable":true,"href":"https:\/\/youarepretty.de\/b2b\/wp-json\/wp\/v2\/product_brand?post=15412"},{"taxonomy":"product_cat","embeddable":true,"href":"https:\/\/youarepretty.de\/b2b\/wp-json\/wp\/v2\/product_cat?post=15412"},{"taxonomy":"product_tag","embeddable":true,"href":"https:\/\/youarepretty.de\/b2b\/wp-json\/wp\/v2\/product_tag?post=15412"}],"curies":[{"name":"wp","href":"https:\/\/api.w.org\/{rel}","templated":true}]}}