{"id":14237,"date":"2022-04-25T16:57:45","date_gmt":"2022-04-25T14:57:45","guid":{"rendered":"https:\/\/youarepretty.de\/b2b\/?post_type=product&#038;p=14237"},"modified":"2025-12-02T00:09:57","modified_gmt":"2025-12-01T23:09:57","slug":"hypoallergene-abschminktuecher-grau","status":"publish","type":"product","link":"https:\/\/youarepretty.de\/b2b\/shop\/hypoallergene-abschminktuecher-grau\/","title":{"rendered":"5 Hypoallergene Kosmetikt\u00fccher grau"},"content":{"rendered":"<p>Das Must-Have in der Kabine und f\u00fcr die Hautpflege zu Hause: unsere wiederverwendbaren Abschminkt\u00fccher im 5er Set aus feinster Mikrofaser. Eine Seite ist grobfaserig und f\u00fcr grobe Verschmutzungen geeignet, w\u00e4hrend die feinfaserige Seite besonders gut f\u00fcr sensible Haut geeignet ist. Make-Up, Maskenreste und Peelingr\u00fcckst\u00e4nde k\u00f6nnen so besonders sanft und effektiv entfernt werden.<\/p>\n<p><strong>Produkthinweise:<\/strong><\/p>\n<p>\u2022 5 St\u00fcck im Set<br \/>\n\u2022 Ma\u00dfe: 20 x 40 cm<br \/>\n\u2022 Hellgrau \/ silber<br \/>\n\u2022 Waschbar bis 60\u00b0C (ohne Weichsp\u00fcler!)<br \/>\n\u2022 Porentiefe Reinigung<br \/>\n\u2022 Hypoallergene Mikrofaser<\/p>\n","protected":false},"excerpt":{"rendered":"<p>Das Must-Have in der Kabine und f\u00fcr die Hautpflege zu Hause: unsere wiederverwendbaren Abschminkt\u00fccher im 5er Set aus feinster Mikrofaser. Eine Seite ist grobfaserig und f\u00fcr grobe Verschmutzungen geeignet, w\u00e4hrend die feinfaserige Seite besonders gut f\u00fcr sensible Haut geeignet ist. Make-Up, Maskenreste und Peelingr\u00fcckst\u00e4nde k\u00f6nnen so besonders sanft und effektiv entfernt werden. Produkthinweise: \u2022 5 [&hellip;]<\/p>\n","protected":false},"featured_media":16592,"template":"","meta":[],"product_brand":[],"product_cat":[226,212,213,214,215,217,218,219,220,228,86],"product_tag":[],"class_list":{"0":"post-14237","1":"product","2":"type-product","3":"status-publish","4":"has-post-thumbnail","6":"product_cat-profi-zubehoer","7":"product_cat-aqua-facial","8":"product_cat-bb-glow","9":"product_cat-dermaplaning","10":"product_cat-fruchtsaeure","11":"product_cat-kollagenfaden-lifting","12":"product_cat-micro-nano-needling","13":"product_cat-mikrodermabrasion","14":"product_cat-wellness-kosmetik","15":"product_cat-shop-gallery","16":"product_cat-shop-pretty-face","18":"first","19":"instock","20":"taxable","21":"shipping-taxable","22":"purchasable","23":"product-type-simple"},"jetpack_sharing_enabled":true,"_links":{"self":[{"href":"https:\/\/youarepretty.de\/b2b\/wp-json\/wp\/v2\/product\/14237","targetHints":{"allow":["GET"]}}],"collection":[{"href":"https:\/\/youarepretty.de\/b2b\/wp-json\/wp\/v2\/product"}],"about":[{"href":"https:\/\/youarepretty.de\/b2b\/wp-json\/wp\/v2\/types\/product"}],"version-history":[{"count":7,"href":"https:\/\/youarepretty.de\/b2b\/wp-json\/wp\/v2\/product\/14237\/revisions"}],"predecessor-version":[{"id":26937,"href":"https:\/\/youarepretty.de\/b2b\/wp-json\/wp\/v2\/product\/14237\/revisions\/26937"}],"wp:featuredmedia":[{"embeddable":true,"href":"https:\/\/youarepretty.de\/b2b\/wp-json\/wp\/v2\/media\/16592"}],"wp:attachment":[{"href":"https:\/\/youarepretty.de\/b2b\/wp-json\/wp\/v2\/media?parent=14237"}],"wp:term":[{"taxonomy":"product_brand","embeddable":true,"href":"https:\/\/youarepretty.de\/b2b\/wp-json\/wp\/v2\/product_brand?post=14237"},{"taxonomy":"product_cat","embeddable":true,"href":"https:\/\/youarepretty.de\/b2b\/wp-json\/wp\/v2\/product_cat?post=14237"},{"taxonomy":"product_tag","embeddable":true,"href":"https:\/\/youarepretty.de\/b2b\/wp-json\/wp\/v2\/product_tag?post=14237"}],"curies":[{"name":"wp","href":"https:\/\/api.w.org\/{rel}","templated":true}]}}