{"id":1401,"date":"2021-06-22T10:57:00","date_gmt":"2021-06-22T08:57:00","guid":{"rendered":"http:\/\/s888834349.online.de\/?post_type=product&#038;p=1401"},"modified":"2025-12-02T00:09:46","modified_gmt":"2025-12-01T23:09:46","slug":"smart-brush","status":"publish","type":"product","link":"https:\/\/youarepretty.de\/b2b\/shop\/smart-brush\/","title":{"rendered":"Smart Brush"},"content":{"rendered":"<p>Der schlaue Kosmetikpinsel: das Must-Have in jedem Studio und bei jeder Gesichtsbehandlung! Innovativ, hygienisch, praktisch. Unsere Smart Brush im eleganten, schlichten Wei\u00df bietet dir gleich mehrere, praktische Funktionen w\u00e4hrend der Behandlung:<\/p>\n<p><strong>Gesichtspinsel + Spachtel + Applikator + Schaber + Produktsparer<\/strong><\/p>\n<p>+ Der F\u00e4cherpinsel aus samtweicher, synthetischer Seide macht das Auftragen von Masken und Peelings zur entspannenden Wohlf\u00fchlbehandlung \u2013 auch auf sensibler Haut.<\/p>\n<p>+ Der glatte Silikon-Applikator ist perfekt geeignet f\u00fcr die hygienische Entnahme von Masken, Cremes und Peelings aus Dosen und Tiegeln.<\/p>\n<p>+ Mit der anatomisch geformten Silikonspachtel kannst du schnell und sicher Produkte wieder vom Gesicht abtragen.<\/p>\n<p>+ Nutze dabei den Schabeffekt des Silikon-Applikators, um sanft die gel\u00f6sten Hautsch\u00fcppchen mitabzutragen.<\/p>\n<p>+ Nach hautreizenden Anwendungen wie Fruchts\u00e4ure, Needling und Mikrodermabrasion empfinden viele Kunden die Silikonseite als angenehmer wie Pinselborsten.<\/p>\n<p>+ Die Silikonspachtel spart Materialkosten bei kostspieligen Seren und Wirkstoffen, da sich auf der glatten Fl\u00e4che keine Produktr\u00fcckst\u00e4nde ansammeln oder verstecken k\u00f6nnen.<\/p>\n<p><strong>Reinigungsempfehlung:<\/strong><\/p>\n<p>Sp\u00fcle die Seidenpinsel sowie den Applikator direkt nach der Nutzung mit warmem Wasser und etwas Sp\u00fclmittel gr\u00fcndlich ab. Danach dr\u00fcckest du das \u00fcbersch\u00fcssige Wasser im Pinsel mit einem K\u00fcchenpapier aus und l\u00e4sst diesen vollst\u00e4ndig trocknen.<\/p>\n<p>Nach der Trocknung spr\u00fchest du beide Seiten mit einem Hautdesinfektionsmittel oder milden Fl\u00e4chendesinfektionsmittel ein und lassen dies wie angegeben einwirken. Dein Smart Brush ist nun wieder bereit f\u00fcr die Anwendung.<\/p>\n","protected":false},"excerpt":{"rendered":"<p>Der schlaue Kosmetikpinsel: das Must-Have in jedem Studio und bei jeder Gesichtsbehandlung! Innovativ, hygienisch, praktisch. Unsere Smart Brush im eleganten, schlichten Wei\u00df bietet dir gleich mehrere, praktische Funktionen w\u00e4hrend der Behandlung: Gesichtspinsel + Spachtel + Applikator + Schaber + Produktsparer + Der F\u00e4cherpinsel aus samtweicher, synthetischer Seide macht das Auftragen von Masken und Peelings zur [&hellip;]<\/p>\n","protected":false},"featured_media":23971,"template":"","meta":[],"product_brand":[],"product_cat":[244,226,212,213,214,215,217,218,219,220,128,228,86],"product_tag":[],"class_list":{"0":"post-1401","1":"product","2":"type-product","3":"status-publish","4":"has-post-thumbnail","6":"product_cat-smart-brush-video","7":"product_cat-profi-zubehoer","8":"product_cat-aqua-facial","9":"product_cat-bb-glow","10":"product_cat-dermaplaning","11":"product_cat-fruchtsaeure","12":"product_cat-kollagenfaden-lifting","13":"product_cat-micro-nano-needling","14":"product_cat-mikrodermabrasion","15":"product_cat-wellness-kosmetik","16":"product_cat-prettywoman-code","17":"product_cat-shop-gallery","18":"product_cat-shop-pretty-face","20":"first","21":"instock","22":"taxable","23":"shipping-taxable","24":"purchasable","25":"product-type-simple"},"jetpack_sharing_enabled":true,"_links":{"self":[{"href":"https:\/\/youarepretty.de\/b2b\/wp-json\/wp\/v2\/product\/1401","targetHints":{"allow":["GET"]}}],"collection":[{"href":"https:\/\/youarepretty.de\/b2b\/wp-json\/wp\/v2\/product"}],"about":[{"href":"https:\/\/youarepretty.de\/b2b\/wp-json\/wp\/v2\/types\/product"}],"version-history":[{"count":5,"href":"https:\/\/youarepretty.de\/b2b\/wp-json\/wp\/v2\/product\/1401\/revisions"}],"predecessor-version":[{"id":24824,"href":"https:\/\/youarepretty.de\/b2b\/wp-json\/wp\/v2\/product\/1401\/revisions\/24824"}],"wp:featuredmedia":[{"embeddable":true,"href":"https:\/\/youarepretty.de\/b2b\/wp-json\/wp\/v2\/media\/23971"}],"wp:attachment":[{"href":"https:\/\/youarepretty.de\/b2b\/wp-json\/wp\/v2\/media?parent=1401"}],"wp:term":[{"taxonomy":"product_brand","embeddable":true,"href":"https:\/\/youarepretty.de\/b2b\/wp-json\/wp\/v2\/product_brand?post=1401"},{"taxonomy":"product_cat","embeddable":true,"href":"https:\/\/youarepretty.de\/b2b\/wp-json\/wp\/v2\/product_cat?post=1401"},{"taxonomy":"product_tag","embeddable":true,"href":"https:\/\/youarepretty.de\/b2b\/wp-json\/wp\/v2\/product_tag?post=1401"}],"curies":[{"name":"wp","href":"https:\/\/api.w.org\/{rel}","templated":true}]}}