{"id":15393,"date":"2022-12-13T12:03:18","date_gmt":"2022-12-13T11:03:18","guid":{"rendered":"https:\/\/youarepretty.de\/b2b\/?page_id=15393"},"modified":"2025-05-29T03:30:27","modified_gmt":"2025-05-29T01:30:27","slug":"produkte-keratinglaettung","status":"publish","type":"page","link":"https:\/\/youarepretty.de\/b2b\/produkte-keratinglaettung\/","title":{"rendered":"Produkte Keratingl\u00e4ttung"},"content":{"rendered":"\t\t<div data-elementor-type=\"wp-post\" data-elementor-id=\"15393\" class=\"elementor elementor-15393\" data-elementor-post-type=\"page\">\n\t\t\t\t<div class=\"elementor-element elementor-element-bbb8ce6 e-con-full e-flex e-con e-parent\" data-id=\"bbb8ce6\" data-element_type=\"container\" data-settings=\"{&quot;background_background&quot;:&quot;classic&quot;,&quot;animation&quot;:&quot;none&quot;}\">\n\t\t<div class=\"elementor-element elementor-element-4d91f03 e-con-full e-flex e-con e-child\" data-id=\"4d91f03\" data-element_type=\"container\">\n\t\t\t\t<div class=\"elementor-element elementor-element-c4a7805 elementor-widget elementor-widget-heading\" data-id=\"c4a7805\" data-element_type=\"widget\" data-widget_type=\"heading.default\">\n\t\t\t\t<div class=\"elementor-widget-container\">\n\t\t\t\t\t<h1 class=\"elementor-heading-title elementor-size-default\">Exklusive Keratingl\u00e4ttung Produkte f\u00fcr glattes, gl\u00e4nzendes Haar\n\n<\/h1>\t\t\t\t<\/div>\n\t\t\t\t<\/div>\n\t\t\t\t<div class=\"elementor-element elementor-element-6509c2d elementor-widget elementor-widget-heading\" data-id=\"6509c2d\" data-element_type=\"widget\" data-widget_type=\"heading.default\">\n\t\t\t\t<div class=\"elementor-widget-container\">\n\t\t\t\t\t<p class=\"elementor-heading-title elementor-size-default\">Entdecken Sie unser sorgf\u00e4ltig ausgew\u00e4hltes Sortiment an Keratingl\u00e4ttung Produkten, die Frizz reduzieren und Glanz verleihen. Bei You Are Pretty von Experten genutzt \u2013 online und im Studio B\u00f6blingen-Hildrizhausen erh\u00e4ltlich.<\/p>\t\t\t\t<\/div>\n\t\t\t\t<\/div>\n\t\t\t\t<div class=\"elementor-element elementor-element-bb2033d elementor-product-loop-item--align-center elementor-grid-mobile-2 elementor-grid-6 elementor-grid-laptop-5 elementor-grid-tablet-4 elementor-products-grid elementor-wc-products elementor-widget elementor-widget-woocommerce-products\" data-id=\"bb2033d\" data-element_type=\"widget\" data-widget_type=\"woocommerce-products.default\">\n\t\t\t\t<div class=\"elementor-widget-container\">\n\t\t\t\t\t<div class=\"woocommerce columns-6 \"><ul class=\"products elementor-grid columns-6\">\n<li class=\"product type-product post-15412 status-publish first outofstock product_cat-shop-pretty-hair product_cat-prettywoman-code product_cat-profi-produkte product_cat-keratinglaettung product_cat-shop-gallery has-post-thumbnail taxable shipping-taxable purchasable product-type-simple\">\n\t<a href=\"https:\/\/youarepretty.de\/b2b\/shop\/carnival-brazilian-keratin\/\" class=\"woocommerce-LoopProduct-link woocommerce-loop-product__link\"><img fetchpriority=\"high\" decoding=\"async\" width=\"300\" height=\"300\" src=\"https:\/\/youarepretty.de\/b2b\/wp-content\/uploads\/2022\/12\/sk_keratin_carnival-300x300.jpg\" class=\"attachment-woocommerce_thumbnail size-woocommerce_thumbnail\" alt=\"You Are Pretty Carnival Brazilian Protein Keratin\" srcset=\"https:\/\/youarepretty.de\/b2b\/wp-content\/uploads\/2022\/12\/sk_keratin_carnival-300x300.jpg 300w, https:\/\/youarepretty.de\/b2b\/wp-content\/uploads\/2022\/12\/sk_keratin_carnival-150x150.jpg 150w, https:\/\/youarepretty.de\/b2b\/wp-content\/uploads\/2022\/12\/sk_keratin_carnival-600x600.jpg 600w, https:\/\/youarepretty.de\/b2b\/wp-content\/uploads\/2022\/12\/sk_keratin_carnival-100x100.jpg 100w, https:\/\/youarepretty.de\/b2b\/wp-content\/uploads\/2022\/12\/sk_keratin_carnival.jpg 640w\" sizes=\"(max-width: 300px) 100vw, 300px\" \/><h2 class=\"woocommerce-loop-product__title\">Carnival Brazilian Keratin<\/h2>\n\t<span class=\"price\"><span class=\"woocommerce-Price-amount amount\"><bdi>125,00&nbsp;<span class=\"woocommerce-Price-currencySymbol\">&euro;<\/span><\/bdi><\/span> <small class=\"woocommerce-price-suffix\">*<\/small><\/span>\n<\/a><div class=\"woocommerce-loop-product__buttons\"><a href=\"https:\/\/youarepretty.de\/b2b\/shop\/carnival-brazilian-keratin\/\" aria-describedby=\"woocommerce_loop_add_to_cart_link_describedby_15412\" data-quantity=\"1\" class=\"button product_type_simple\" data-product_id=\"15412\" data-product_sku=\"\" aria-label=\"Lese mehr \u00fcber &#8222;Carnival Brazilian Keratin&#8220;\" rel=\"nofollow\" data-success_message=\"\">Weiterlesen<\/a><\/div>\t<span id=\"woocommerce_loop_add_to_cart_link_describedby_15412\" class=\"screen-reader-text\">\n\t\t\t<\/span>\n<\/li>\n<li class=\"product type-product post-15419 status-publish instock product_cat-keratinglaettung product_cat-shop-gallery product_cat-shop-pretty-hair product_cat-prettywoman-code product_cat-profi-produkte has-post-thumbnail sale taxable shipping-taxable purchasable product-type-simple\">\n\t<a href=\"https:\/\/youarepretty.de\/b2b\/shop\/rio-brazilian-keratin\/\" class=\"woocommerce-LoopProduct-link woocommerce-loop-product__link\">\n\t<span class=\"onsale\">%<\/span>\n\t<img decoding=\"async\" width=\"300\" height=\"300\" src=\"https:\/\/youarepretty.de\/b2b\/wp-content\/uploads\/2022\/12\/sk_keratin_rio-300x300.jpg\" class=\"attachment-woocommerce_thumbnail size-woocommerce_thumbnail\" alt=\"You Are Pretty Rio Brazilian Protein Keratin\" srcset=\"https:\/\/youarepretty.de\/b2b\/wp-content\/uploads\/2022\/12\/sk_keratin_rio-300x300.jpg 300w, https:\/\/youarepretty.de\/b2b\/wp-content\/uploads\/2022\/12\/sk_keratin_rio-150x150.jpg 150w, https:\/\/youarepretty.de\/b2b\/wp-content\/uploads\/2022\/12\/sk_keratin_rio-600x600.jpg 600w, https:\/\/youarepretty.de\/b2b\/wp-content\/uploads\/2022\/12\/sk_keratin_rio-100x100.jpg 100w, https:\/\/youarepretty.de\/b2b\/wp-content\/uploads\/2022\/12\/sk_keratin_rio.jpg 640w\" sizes=\"(max-width: 300px) 100vw, 300px\" \/><h2 class=\"woocommerce-loop-product__title\">Rio Brazilian Keratin<\/h2>\n\t<span class=\"price\"><del aria-hidden=\"true\"><span class=\"woocommerce-Price-amount amount\"><bdi>95,00&nbsp;<span class=\"woocommerce-Price-currencySymbol\">&euro;<\/span><\/bdi><\/span><\/del> <span class=\"screen-reader-text\">Urspr\u00fcnglicher Preis war: 95,00&nbsp;&euro;<\/span><ins aria-hidden=\"true\"><span class=\"woocommerce-Price-amount amount\"><bdi>75,00&nbsp;<span class=\"woocommerce-Price-currencySymbol\">&euro;<\/span><\/bdi><\/span><\/ins><span class=\"screen-reader-text\">Aktueller Preis ist: 75,00&nbsp;&euro;.<\/span> <small class=\"woocommerce-price-suffix\">*<\/small><\/span>\n<\/a><div class=\"woocommerce-loop-product__buttons\"><a href=\"\/b2b\/wp-json\/wp\/v2\/pages\/15393?add-to-cart=15419\" aria-describedby=\"woocommerce_loop_add_to_cart_link_describedby_15419\" data-quantity=\"1\" class=\"button product_type_simple add_to_cart_button ajax_add_to_cart\" data-product_id=\"15419\" data-product_sku=\"\" aria-label=\"In den Warenkorb legen: \u201eRio Brazilian Keratin\u201c\" rel=\"nofollow\" data-success_message=\"\u201eRio Brazilian Keratin\u201c wurde deinem Warenkorb hinzugef\u00fcgt\" role=\"button\">In den Warenkorb<\/a><\/div>\t<span id=\"woocommerce_loop_add_to_cart_link_describedby_15419\" class=\"screen-reader-text\">\n\t\t\t<\/span>\n<\/li>\n<\/ul>\n<\/div>\t\t\t\t<\/div>\n\t\t\t\t<\/div>\n\t\t\t\t<\/div>\n\t\t\t\t<\/div>\n\t\t\t\t<\/div>\n\t\t","protected":false},"excerpt":{"rendered":"<p>Exklusive Keratingl\u00e4ttung Produkte f\u00fcr glattes, gl\u00e4nzendes Haar Entdecken Sie unser sorgf\u00e4ltig ausgew\u00e4hltes Sortiment an Keratingl\u00e4ttung Produkten, die Frizz reduzieren und Glanz verleihen. Bei You Are Pretty von Experten genutzt \u2013 online und im Studio B\u00f6blingen-Hildrizhausen erh\u00e4ltlich.<\/p>\n","protected":false},"author":1,"featured_media":0,"parent":0,"menu_order":0,"comment_status":"closed","ping_status":"closed","template":"elementor_header_footer","meta":{"footnotes":""},"class_list":["post-15393","page","type-page","status-publish","hentry"],"jetpack_sharing_enabled":true,"_links":{"self":[{"href":"https:\/\/youarepretty.de\/b2b\/wp-json\/wp\/v2\/pages\/15393","targetHints":{"allow":["GET"]}}],"collection":[{"href":"https:\/\/youarepretty.de\/b2b\/wp-json\/wp\/v2\/pages"}],"about":[{"href":"https:\/\/youarepretty.de\/b2b\/wp-json\/wp\/v2\/types\/page"}],"author":[{"embeddable":true,"href":"https:\/\/youarepretty.de\/b2b\/wp-json\/wp\/v2\/users\/1"}],"replies":[{"embeddable":true,"href":"https:\/\/youarepretty.de\/b2b\/wp-json\/wp\/v2\/comments?post=15393"}],"version-history":[{"count":5,"href":"https:\/\/youarepretty.de\/b2b\/wp-json\/wp\/v2\/pages\/15393\/revisions"}],"predecessor-version":[{"id":21083,"href":"https:\/\/youarepretty.de\/b2b\/wp-json\/wp\/v2\/pages\/15393\/revisions\/21083"}],"wp:attachment":[{"href":"https:\/\/youarepretty.de\/b2b\/wp-json\/wp\/v2\/media?parent=15393"}],"curies":[{"name":"wp","href":"https:\/\/api.w.org\/{rel}","templated":true}]}}