{"id":15368,"date":"2022-12-13T11:47:51","date_gmt":"2022-12-13T10:47:51","guid":{"rendered":"https:\/\/youarepretty.de\/b2b\/?page_id=15368"},"modified":"2025-05-29T03:25:40","modified_gmt":"2025-05-29T01:25:40","slug":"produkte-fruchtsaeure-kur","status":"publish","type":"page","link":"https:\/\/youarepretty.de\/b2b\/produkte-fruchtsaeure-kur\/","title":{"rendered":"Produkte Fruchts\u00e4ure-Kur"},"content":{"rendered":"\t\t<div data-elementor-type=\"wp-post\" data-elementor-id=\"15368\" class=\"elementor elementor-15368\" data-elementor-post-type=\"page\">\n\t\t\t\t<div class=\"elementor-element elementor-element-8989f7d e-con-full e-flex e-con e-parent\" data-id=\"8989f7d\" data-element_type=\"container\" data-settings=\"{&quot;background_background&quot;:&quot;classic&quot;,&quot;animation&quot;:&quot;none&quot;}\">\n\t\t<div class=\"elementor-element elementor-element-69a8f07 e-con-full e-flex e-con e-child\" data-id=\"69a8f07\" data-element_type=\"container\">\n\t\t\t\t<div class=\"elementor-element elementor-element-f2ff61d elementor-widget elementor-widget-heading\" data-id=\"f2ff61d\" data-element_type=\"widget\" data-widget_type=\"heading.default\">\n\t\t\t\t<div class=\"elementor-widget-container\">\n\t\t\t\t\t<h1 class=\"elementor-heading-title elementor-size-default\">Effektive Fruchts\u00e4ure Kur Produkte f\u00fcr gesunde Haut<\/h1>\t\t\t\t<\/div>\n\t\t\t\t<\/div>\n\t\t\t\t<div class=\"elementor-element elementor-element-4abab1d elementor-widget elementor-widget-heading\" data-id=\"4abab1d\" data-element_type=\"widget\" data-widget_type=\"heading.default\">\n\t\t\t\t<div class=\"elementor-widget-container\">\n\t\t\t\t\t<p class=\"elementor-heading-title elementor-size-default\">Entdecken Sie unsere hochwertigen Fruchts\u00e4ure Kur Produkte, die sanft exfolieren, erneuern und Ihre Haut zum Strahlen bringen. Bei You Are Pretty von Profis eingesetzt \u2013 online und im Studio B\u00f6blingen-Hildrizhausen erh\u00e4ltlich.<\/p>\t\t\t\t<\/div>\n\t\t\t\t<\/div>\n\t\t\t\t<div class=\"elementor-element elementor-element-00c7c69 elementor-product-loop-item--align-center elementor-grid-mobile-2 elementor-grid-6 elementor-grid-laptop-5 elementor-grid-tablet-4 elementor-products-grid elementor-wc-products elementor-widget elementor-widget-woocommerce-products\" data-id=\"00c7c69\" data-element_type=\"widget\" data-widget_type=\"woocommerce-products.default\">\n\t\t\t\t<div class=\"elementor-widget-container\">\n\t\t\t\t\t<div class=\"woocommerce columns-6 \"><ul class=\"products elementor-grid columns-6\">\n<li class=\"product type-product post-24444 status-publish first instock product_cat-profi-produkte product_cat-aqua-facial product_cat-bb-glow product_cat-dermaplaning product_cat-fruchtsaeure product_cat-kollagenfaden-lifting product_cat-micro-nano-needling product_cat-mikrodermabrasion product_cat-shop-pretty-skin product_cat-wellness-kosmetik product_cat-shop-extended-gallery has-post-thumbnail taxable shipping-taxable purchasable product-type-simple\">\n\t<a href=\"https:\/\/youarepretty.de\/b2b\/shop\/aloe-vera-gelserum\/\" class=\"woocommerce-LoopProduct-link woocommerce-loop-product__link\"><img fetchpriority=\"high\" decoding=\"async\" width=\"300\" height=\"300\" src=\"https:\/\/youarepretty.de\/b2b\/wp-content\/uploads\/2024\/11\/needlingserum_aloevera1-300x300.webp\" class=\"attachment-woocommerce_thumbnail size-woocommerce_thumbnail\" alt=\"You Are Pretty Cosmetics Aloe Vera Gelserum\" srcset=\"https:\/\/youarepretty.de\/b2b\/wp-content\/uploads\/2024\/11\/needlingserum_aloevera1-300x300.webp 300w, https:\/\/youarepretty.de\/b2b\/wp-content\/uploads\/2024\/11\/needlingserum_aloevera1-1024x1024.webp 1024w, https:\/\/youarepretty.de\/b2b\/wp-content\/uploads\/2024\/11\/needlingserum_aloevera1-150x150.webp 150w, https:\/\/youarepretty.de\/b2b\/wp-content\/uploads\/2024\/11\/needlingserum_aloevera1-768x768.webp 768w, https:\/\/youarepretty.de\/b2b\/wp-content\/uploads\/2024\/11\/needlingserum_aloevera1-600x600.webp 600w, https:\/\/youarepretty.de\/b2b\/wp-content\/uploads\/2024\/11\/needlingserum_aloevera1-100x100.webp 100w, https:\/\/youarepretty.de\/b2b\/wp-content\/uploads\/2024\/11\/needlingserum_aloevera1.webp 1500w\" sizes=\"(max-width: 300px) 100vw, 300px\" \/><h2 class=\"woocommerce-loop-product__title\">Aloe Vera Needling Gelserum<\/h2>\n\t<span class=\"price\"><span class=\"woocommerce-Price-amount amount\"><bdi>65,00&nbsp;<span class=\"woocommerce-Price-currencySymbol\">&euro;<\/span><\/bdi><\/span> <small class=\"woocommerce-price-suffix\">*<\/small><\/span>\n<\/a><div class=\"woocommerce-loop-product__buttons\"><a href=\"\/b2b\/wp-json\/wp\/v2\/pages\/15368?add-to-cart=24444\" aria-describedby=\"woocommerce_loop_add_to_cart_link_describedby_24444\" data-quantity=\"1\" class=\"button product_type_simple add_to_cart_button ajax_add_to_cart\" data-product_id=\"24444\" data-product_sku=\"\" aria-label=\"In den Warenkorb legen: \u201eAloe Vera Needling Gelserum\u201c\" rel=\"nofollow\" data-success_message=\"\u201eAloe Vera Needling Gelserum\u201c wurde deinem Warenkorb hinzugef\u00fcgt\" role=\"button\">In den Warenkorb<\/a><\/div>\t<span id=\"woocommerce_loop_add_to_cart_link_describedby_24444\" class=\"screen-reader-text\">\n\t\t\t<\/span>\n<\/li>\n<li class=\"product type-product post-24450 status-publish instock product_cat-shop-pretty-skin product_cat-wellness-kosmetik product_cat-shop-extended-gallery product_cat-profi-produkte product_cat-aqua-facial product_cat-bb-glow product_cat-dermaplaning product_cat-fruchtsaeure product_cat-kollagenfaden-lifting product_cat-micro-nano-needling product_cat-mikrodermabrasion has-post-thumbnail taxable shipping-taxable purchasable product-type-simple\">\n\t<a href=\"https:\/\/youarepretty.de\/b2b\/shop\/hyaluron-gelserum\/\" class=\"woocommerce-LoopProduct-link woocommerce-loop-product__link\"><img decoding=\"async\" width=\"300\" height=\"300\" src=\"https:\/\/youarepretty.de\/b2b\/wp-content\/uploads\/2024\/11\/needlingserum_hyaluron1-300x300.webp\" class=\"attachment-woocommerce_thumbnail size-woocommerce_thumbnail\" alt=\"You Are Pretty Cosmetics Hyaluron Gelserum\" srcset=\"https:\/\/youarepretty.de\/b2b\/wp-content\/uploads\/2024\/11\/needlingserum_hyaluron1-300x300.webp 300w, https:\/\/youarepretty.de\/b2b\/wp-content\/uploads\/2024\/11\/needlingserum_hyaluron1-1024x1024.webp 1024w, https:\/\/youarepretty.de\/b2b\/wp-content\/uploads\/2024\/11\/needlingserum_hyaluron1-150x150.webp 150w, https:\/\/youarepretty.de\/b2b\/wp-content\/uploads\/2024\/11\/needlingserum_hyaluron1-768x768.webp 768w, https:\/\/youarepretty.de\/b2b\/wp-content\/uploads\/2024\/11\/needlingserum_hyaluron1-600x600.webp 600w, https:\/\/youarepretty.de\/b2b\/wp-content\/uploads\/2024\/11\/needlingserum_hyaluron1-100x100.webp 100w, https:\/\/youarepretty.de\/b2b\/wp-content\/uploads\/2024\/11\/needlingserum_hyaluron1.webp 1500w\" sizes=\"(max-width: 300px) 100vw, 300px\" \/><h2 class=\"woocommerce-loop-product__title\">Hyaluron Needling Gelserum<\/h2>\n\t<span class=\"price\"><span class=\"woocommerce-Price-amount amount\"><bdi>75,00&nbsp;<span class=\"woocommerce-Price-currencySymbol\">&euro;<\/span><\/bdi><\/span> <small class=\"woocommerce-price-suffix\">*<\/small><\/span>\n<\/a><div class=\"woocommerce-loop-product__buttons\"><a href=\"\/b2b\/wp-json\/wp\/v2\/pages\/15368?add-to-cart=24450\" aria-describedby=\"woocommerce_loop_add_to_cart_link_describedby_24450\" data-quantity=\"1\" class=\"button product_type_simple add_to_cart_button ajax_add_to_cart\" data-product_id=\"24450\" data-product_sku=\"\" aria-label=\"In den Warenkorb legen: \u201eHyaluron Needling Gelserum\u201c\" rel=\"nofollow\" data-success_message=\"\u201eHyaluron Needling Gelserum\u201c wurde deinem Warenkorb hinzugef\u00fcgt\" role=\"button\">In den Warenkorb<\/a><\/div>\t<span id=\"woocommerce_loop_add_to_cart_link_describedby_24450\" class=\"screen-reader-text\">\n\t\t\t<\/span>\n<\/li>\n<li class=\"product type-product post-24457 status-publish instock product_cat-fruchtsaeure product_cat-kollagenfaden-lifting product_cat-micro-nano-needling product_cat-mikrodermabrasion product_cat-shop-pretty-skin product_cat-wellness-kosmetik product_cat-shop-extended-gallery product_cat-profi-produkte product_cat-aqua-facial product_cat-bb-glow product_cat-dermaplaning has-post-thumbnail taxable shipping-taxable purchasable product-type-simple\">\n\t<a href=\"https:\/\/youarepretty.de\/b2b\/shop\/akne-repair-serum\/\" class=\"woocommerce-LoopProduct-link woocommerce-loop-product__link\"><img decoding=\"async\" width=\"300\" height=\"300\" src=\"https:\/\/youarepretty.de\/b2b\/wp-content\/uploads\/2024\/11\/needlingserum_aknerepair1-300x300.webp\" class=\"attachment-woocommerce_thumbnail size-woocommerce_thumbnail\" alt=\"You Are Pretty Cosmetics Akne Repair Serum\" srcset=\"https:\/\/youarepretty.de\/b2b\/wp-content\/uploads\/2024\/11\/needlingserum_aknerepair1-300x300.webp 300w, https:\/\/youarepretty.de\/b2b\/wp-content\/uploads\/2024\/11\/needlingserum_aknerepair1-1024x1024.webp 1024w, https:\/\/youarepretty.de\/b2b\/wp-content\/uploads\/2024\/11\/needlingserum_aknerepair1-150x150.webp 150w, https:\/\/youarepretty.de\/b2b\/wp-content\/uploads\/2024\/11\/needlingserum_aknerepair1-768x768.webp 768w, https:\/\/youarepretty.de\/b2b\/wp-content\/uploads\/2024\/11\/needlingserum_aknerepair1-600x600.webp 600w, https:\/\/youarepretty.de\/b2b\/wp-content\/uploads\/2024\/11\/needlingserum_aknerepair1-100x100.webp 100w, https:\/\/youarepretty.de\/b2b\/wp-content\/uploads\/2024\/11\/needlingserum_aknerepair1.webp 1500w\" sizes=\"(max-width: 300px) 100vw, 300px\" \/><h2 class=\"woocommerce-loop-product__title\">Akne Repair Needling Serum<\/h2>\n\t<span class=\"price\"><span class=\"woocommerce-Price-amount amount\"><bdi>65,00&nbsp;<span class=\"woocommerce-Price-currencySymbol\">&euro;<\/span><\/bdi><\/span> <small class=\"woocommerce-price-suffix\">*<\/small><\/span>\n<\/a><div class=\"woocommerce-loop-product__buttons\"><a href=\"\/b2b\/wp-json\/wp\/v2\/pages\/15368?add-to-cart=24457\" aria-describedby=\"woocommerce_loop_add_to_cart_link_describedby_24457\" data-quantity=\"1\" class=\"button product_type_simple add_to_cart_button ajax_add_to_cart\" data-product_id=\"24457\" data-product_sku=\"\" aria-label=\"In den Warenkorb legen: \u201eAkne Repair Needling Serum\u201c\" rel=\"nofollow\" data-success_message=\"\u201eAkne Repair Needling Serum\u201c wurde deinem Warenkorb hinzugef\u00fcgt\" role=\"button\">In den Warenkorb<\/a><\/div>\t<span id=\"woocommerce_loop_add_to_cart_link_describedby_24457\" class=\"screen-reader-text\">\n\t\t\t<\/span>\n<\/li>\n<li class=\"product type-product post-25688 status-publish instock product_cat-profi-produkte product_cat-aqua-facial product_cat-bb-glow product_cat-dermaplaning product_cat-fruchtsaeure product_cat-kollagenfaden-lifting product_cat-micro-nano-needling product_cat-mikrodermabrasion product_cat-shop-pretty-skin product_cat-wellness-kosmetik product_cat-shop-produkt-silbercreme-2025 has-post-thumbnail taxable shipping-taxable purchasable product-type-simple\">\n\t<a href=\"https:\/\/youarepretty.de\/b2b\/shop\/microsilber-repair-cream\/\" class=\"woocommerce-LoopProduct-link woocommerce-loop-product__link\"><img loading=\"lazy\" decoding=\"async\" width=\"300\" height=\"300\" src=\"https:\/\/youarepretty.de\/b2b\/wp-content\/uploads\/2025\/05\/microsilber_5er-300x300.webp\" class=\"attachment-woocommerce_thumbnail size-woocommerce_thumbnail\" alt=\"You Are Pretty Cosmetics Microsilber Repair Cream\" srcset=\"https:\/\/youarepretty.de\/b2b\/wp-content\/uploads\/2025\/05\/microsilber_5er-300x300.webp 300w, https:\/\/youarepretty.de\/b2b\/wp-content\/uploads\/2025\/05\/microsilber_5er-1024x1024.webp 1024w, https:\/\/youarepretty.de\/b2b\/wp-content\/uploads\/2025\/05\/microsilber_5er-150x150.webp 150w, https:\/\/youarepretty.de\/b2b\/wp-content\/uploads\/2025\/05\/microsilber_5er-768x768.webp 768w, https:\/\/youarepretty.de\/b2b\/wp-content\/uploads\/2025\/05\/microsilber_5er-1536x1536.webp 1536w, https:\/\/youarepretty.de\/b2b\/wp-content\/uploads\/2025\/05\/microsilber_5er-scaled.webp 2048w, https:\/\/youarepretty.de\/b2b\/wp-content\/uploads\/2025\/05\/microsilber_5er-600x600.webp 600w, https:\/\/youarepretty.de\/b2b\/wp-content\/uploads\/2025\/05\/microsilber_5er-100x100.webp 100w\" sizes=\"(max-width: 300px) 100vw, 300px\" \/><h2 class=\"woocommerce-loop-product__title\">Microsilber Repair Cream<br\/>5er Set<\/h2>\n\t<span class=\"price\"><span class=\"woocommerce-Price-amount amount\"><bdi>65,00&nbsp;<span class=\"woocommerce-Price-currencySymbol\">&euro;<\/span><\/bdi><\/span> <small class=\"woocommerce-price-suffix\">*<\/small><\/span>\n<\/a><div class=\"woocommerce-loop-product__buttons\"><a href=\"\/b2b\/wp-json\/wp\/v2\/pages\/15368?add-to-cart=25688\" aria-describedby=\"woocommerce_loop_add_to_cart_link_describedby_25688\" data-quantity=\"1\" class=\"button product_type_simple add_to_cart_button ajax_add_to_cart\" data-product_id=\"25688\" data-product_sku=\"\" aria-label=\"In den Warenkorb legen: \u201eMicrosilber Repair Cream5er Set\u201c\" rel=\"nofollow\" data-success_message=\"\u201eMicrosilber Repair Cream&lt;br\/&gt;5er Set\u201c wurde deinem Warenkorb hinzugef\u00fcgt\" role=\"button\">In den Warenkorb<\/a><\/div>\t<span id=\"woocommerce_loop_add_to_cart_link_describedby_25688\" class=\"screen-reader-text\">\n\t\t\t<\/span>\n<\/li>\n<li class=\"product type-product post-14237 status-publish instock product_cat-wellness-kosmetik product_cat-profi-zubehoer product_cat-shop-gallery product_cat-shop-pretty-face product_cat-aqua-facial product_cat-bb-glow product_cat-dermaplaning product_cat-fruchtsaeure product_cat-kollagenfaden-lifting product_cat-micro-nano-needling product_cat-mikrodermabrasion has-post-thumbnail taxable shipping-taxable purchasable product-type-simple\">\n\t<a href=\"https:\/\/youarepretty.de\/b2b\/shop\/hypoallergene-abschminktuecher-grau\/\" class=\"woocommerce-LoopProduct-link woocommerce-loop-product__link\"><img loading=\"lazy\" decoding=\"async\" width=\"300\" height=\"300\" src=\"https:\/\/youarepretty.de\/b2b\/wp-content\/uploads\/2023\/05\/kosmetiktuecher-300x300.jpg\" class=\"attachment-woocommerce_thumbnail size-woocommerce_thumbnail\" alt=\"You Are Pretty Hypoallergene Kosmetikt\u00fccher 5er Set\" srcset=\"https:\/\/youarepretty.de\/b2b\/wp-content\/uploads\/2023\/05\/kosmetiktuecher-300x300.jpg 300w, https:\/\/youarepretty.de\/b2b\/wp-content\/uploads\/2023\/05\/kosmetiktuecher-150x150.jpg 150w, https:\/\/youarepretty.de\/b2b\/wp-content\/uploads\/2023\/05\/kosmetiktuecher-600x600.jpg 600w, https:\/\/youarepretty.de\/b2b\/wp-content\/uploads\/2023\/05\/kosmetiktuecher-100x100.jpg 100w, https:\/\/youarepretty.de\/b2b\/wp-content\/uploads\/2023\/05\/kosmetiktuecher.jpg 640w\" sizes=\"(max-width: 300px) 100vw, 300px\" \/><h2 class=\"woocommerce-loop-product__title\">5 Hypoallergene Kosmetikt\u00fccher grau<\/h2>\n\t<span class=\"price\"><span class=\"woocommerce-Price-amount amount\"><bdi>27,00&nbsp;<span class=\"woocommerce-Price-currencySymbol\">&euro;<\/span><\/bdi><\/span> <small class=\"woocommerce-price-suffix\">*<\/small><\/span>\n<\/a><div class=\"woocommerce-loop-product__buttons\"><a href=\"\/b2b\/wp-json\/wp\/v2\/pages\/15368?add-to-cart=14237\" aria-describedby=\"woocommerce_loop_add_to_cart_link_describedby_14237\" data-quantity=\"1\" class=\"button product_type_simple add_to_cart_button ajax_add_to_cart\" data-product_id=\"14237\" data-product_sku=\"\" aria-label=\"In den Warenkorb legen: \u201e5 Hypoallergene Kosmetikt\u00fccher grau\u201c\" rel=\"nofollow\" data-success_message=\"\u201e5 Hypoallergene Kosmetikt\u00fccher grau\u201c wurde deinem Warenkorb hinzugef\u00fcgt\" role=\"button\">In den Warenkorb<\/a><\/div>\t<span id=\"woocommerce_loop_add_to_cart_link_describedby_14237\" class=\"screen-reader-text\">\n\t\t\t<\/span>\n<\/li>\n<li class=\"product type-product post-24017 status-publish last instock product_cat-kollagenfaden-lifting product_cat-micro-nano-needling product_cat-mikrodermabrasion product_cat-wellness-kosmetik product_cat-profi-zubehoer product_cat-shop-gallery product_cat-shop-pretty-face product_cat-aqua-facial product_cat-bb-glow product_cat-dermaplaning product_cat-fruchtsaeure has-post-thumbnail taxable shipping-taxable purchasable product-type-simple\">\n\t<a href=\"https:\/\/youarepretty.de\/b2b\/shop\/5-hypoallergenekosmetiktuecher-schwarz\/\" class=\"woocommerce-LoopProduct-link woocommerce-loop-product__link\"><img loading=\"lazy\" decoding=\"async\" width=\"300\" height=\"300\" src=\"https:\/\/youarepretty.de\/b2b\/wp-content\/uploads\/2024\/09\/kosmetiktuecher_schwarz-300x300.jpg\" class=\"attachment-woocommerce_thumbnail size-woocommerce_thumbnail\" alt=\"You Are Pretty Hypoallergene Kosmetikt\u00fccher 5er Set schwarz\" srcset=\"https:\/\/youarepretty.de\/b2b\/wp-content\/uploads\/2024\/09\/kosmetiktuecher_schwarz-300x300.jpg 300w, https:\/\/youarepretty.de\/b2b\/wp-content\/uploads\/2024\/09\/kosmetiktuecher_schwarz-150x150.jpg 150w, https:\/\/youarepretty.de\/b2b\/wp-content\/uploads\/2024\/09\/kosmetiktuecher_schwarz-600x600.jpg 600w, https:\/\/youarepretty.de\/b2b\/wp-content\/uploads\/2024\/09\/kosmetiktuecher_schwarz-100x100.jpg 100w, https:\/\/youarepretty.de\/b2b\/wp-content\/uploads\/2024\/09\/kosmetiktuecher_schwarz.jpg 640w\" sizes=\"(max-width: 300px) 100vw, 300px\" \/><h2 class=\"woocommerce-loop-product__title\">5 Hypoallergene Kosmetikt\u00fccher schwarz<\/h2>\n\t<span class=\"price\"><span class=\"woocommerce-Price-amount amount\"><bdi>27,00&nbsp;<span class=\"woocommerce-Price-currencySymbol\">&euro;<\/span><\/bdi><\/span> <small class=\"woocommerce-price-suffix\">*<\/small><\/span>\n<\/a><div class=\"woocommerce-loop-product__buttons\"><a href=\"\/b2b\/wp-json\/wp\/v2\/pages\/15368?add-to-cart=24017\" aria-describedby=\"woocommerce_loop_add_to_cart_link_describedby_24017\" data-quantity=\"1\" class=\"button product_type_simple add_to_cart_button ajax_add_to_cart\" data-product_id=\"24017\" data-product_sku=\"\" aria-label=\"In den Warenkorb legen: \u201e5 Hypoallergene Kosmetikt\u00fccher schwarz\u201c\" rel=\"nofollow\" data-success_message=\"\u201e5 Hypoallergene Kosmetikt\u00fccher schwarz\u201c wurde deinem Warenkorb hinzugef\u00fcgt\" role=\"button\">In den Warenkorb<\/a><\/div>\t<span id=\"woocommerce_loop_add_to_cart_link_describedby_24017\" class=\"screen-reader-text\">\n\t\t\t<\/span>\n<\/li>\n<li class=\"product type-product post-19216 status-publish first instock product_cat-micro-nano-needling product_cat-mikrodermabrasion product_cat-wellness-kosmetik product_cat-profi-zubehoer product_cat-shop-pretty-skin product_cat-shop-gallery product_cat-shop-pretty-face product_cat-aqua-facial product_cat-bb-glow product_cat-dermaplaning product_cat-fruchtsaeure product_cat-kollagenfaden-lifting has-post-thumbnail taxable shipping-taxable purchasable product-type-simple\">\n\t<a href=\"https:\/\/youarepretty.de\/b2b\/shop\/6-reinigungspads-aus-mikrofaser\/\" class=\"woocommerce-LoopProduct-link woocommerce-loop-product__link\"><img loading=\"lazy\" decoding=\"async\" width=\"300\" height=\"300\" src=\"https:\/\/youarepretty.de\/b2b\/wp-content\/uploads\/2023\/11\/kosmetikpads_6_02-300x300.jpg\" class=\"attachment-woocommerce_thumbnail size-woocommerce_thumbnail\" alt=\"You Are Pretty Kosemtikpads Mikrofaser\" srcset=\"https:\/\/youarepretty.de\/b2b\/wp-content\/uploads\/2023\/11\/kosmetikpads_6_02-300x300.jpg 300w, https:\/\/youarepretty.de\/b2b\/wp-content\/uploads\/2023\/11\/kosmetikpads_6_02-150x150.jpg 150w, https:\/\/youarepretty.de\/b2b\/wp-content\/uploads\/2023\/11\/kosmetikpads_6_02-600x600.jpg 600w, https:\/\/youarepretty.de\/b2b\/wp-content\/uploads\/2023\/11\/kosmetikpads_6_02-100x100.jpg 100w, https:\/\/youarepretty.de\/b2b\/wp-content\/uploads\/2023\/11\/kosmetikpads_6_02.jpg 640w\" sizes=\"(max-width: 300px) 100vw, 300px\" \/><h2 class=\"woocommerce-loop-product__title\">6 Reinigungspadsaus Mikrofaser<\/h2>\n\t<span class=\"price\"><span class=\"woocommerce-Price-amount amount\"><bdi>25,00&nbsp;<span class=\"woocommerce-Price-currencySymbol\">&euro;<\/span><\/bdi><\/span> <small class=\"woocommerce-price-suffix\">*<\/small><\/span>\n<\/a><div class=\"woocommerce-loop-product__buttons\"><a href=\"\/b2b\/wp-json\/wp\/v2\/pages\/15368?add-to-cart=19216\" aria-describedby=\"woocommerce_loop_add_to_cart_link_describedby_19216\" data-quantity=\"1\" class=\"button product_type_simple add_to_cart_button ajax_add_to_cart\" data-product_id=\"19216\" data-product_sku=\"\" aria-label=\"In den Warenkorb legen: \u201e6 Reinigungspadsaus Mikrofaser\u201c\" rel=\"nofollow\" data-success_message=\"\u201e6 Reinigungspadsaus Mikrofaser\u201c wurde deinem Warenkorb hinzugef\u00fcgt\" role=\"button\">In den Warenkorb<\/a><\/div>\t<span id=\"woocommerce_loop_add_to_cart_link_describedby_19216\" class=\"screen-reader-text\">\n\t\t\t<\/span>\n<\/li>\n<li class=\"product type-product post-1401 status-publish instock product_cat-prettywoman-code product_cat-smart-brush-video product_cat-aqua-facial product_cat-bb-glow product_cat-dermaplaning product_cat-fruchtsaeure product_cat-kollagenfaden-lifting product_cat-micro-nano-needling product_cat-mikrodermabrasion product_cat-wellness-kosmetik product_cat-profi-zubehoer product_cat-shop-pretty-face product_cat-shop-gallery has-post-thumbnail taxable shipping-taxable purchasable product-type-simple\">\n\t<a href=\"https:\/\/youarepretty.de\/b2b\/shop\/smart-brush\/\" class=\"woocommerce-LoopProduct-link woocommerce-loop-product__link\"><img loading=\"lazy\" decoding=\"async\" width=\"300\" height=\"300\" src=\"https:\/\/youarepretty.de\/b2b\/wp-content\/uploads\/2021\/06\/smart_brush-300x300.webp\" class=\"attachment-woocommerce_thumbnail size-woocommerce_thumbnail\" alt=\"You Are Pretty Smart Brush\" srcset=\"https:\/\/youarepretty.de\/b2b\/wp-content\/uploads\/2021\/06\/smart_brush-300x300.webp 300w, https:\/\/youarepretty.de\/b2b\/wp-content\/uploads\/2021\/06\/smart_brush-150x150.webp 150w, https:\/\/youarepretty.de\/b2b\/wp-content\/uploads\/2021\/06\/smart_brush-768x768.webp 768w, https:\/\/youarepretty.de\/b2b\/wp-content\/uploads\/2021\/06\/smart_brush-600x600.webp 600w, https:\/\/youarepretty.de\/b2b\/wp-content\/uploads\/2021\/06\/smart_brush-100x100.webp 100w, https:\/\/youarepretty.de\/b2b\/wp-content\/uploads\/2021\/06\/smart_brush.webp 1000w\" sizes=\"(max-width: 300px) 100vw, 300px\" \/><h2 class=\"woocommerce-loop-product__title\">Smart Brush<\/h2>\n\t<span class=\"price\"><span class=\"woocommerce-Price-amount amount\"><bdi>9,00&nbsp;<span class=\"woocommerce-Price-currencySymbol\">&euro;<\/span><\/bdi><\/span> <small class=\"woocommerce-price-suffix\">*<\/small><\/span>\n<\/a><div class=\"woocommerce-loop-product__buttons\"><a href=\"\/b2b\/wp-json\/wp\/v2\/pages\/15368?add-to-cart=1401\" aria-describedby=\"woocommerce_loop_add_to_cart_link_describedby_1401\" data-quantity=\"1\" class=\"button product_type_simple add_to_cart_button ajax_add_to_cart\" data-product_id=\"1401\" data-product_sku=\"\" aria-label=\"In den Warenkorb legen: \u201eSmart Brush\u201c\" rel=\"nofollow\" data-success_message=\"\u201eSmart Brush\u201c wurde deinem Warenkorb hinzugef\u00fcgt\" role=\"button\">In den Warenkorb<\/a><\/div>\t<span id=\"woocommerce_loop_add_to_cart_link_describedby_1401\" class=\"screen-reader-text\">\n\t\t\t<\/span>\n<\/li>\n<\/ul>\n<\/div>\t\t\t\t<\/div>\n\t\t\t\t<\/div>\n\t\t\t\t<\/div>\n\t\t\t\t<\/div>\n\t\t\t\t<\/div>\n\t\t","protected":false},"excerpt":{"rendered":"<p>Effektive Fruchts\u00e4ure Kur Produkte f\u00fcr gesunde Haut Entdecken Sie unsere hochwertigen Fruchts\u00e4ure Kur Produkte, die sanft exfolieren, erneuern und Ihre Haut zum Strahlen bringen. Bei You Are Pretty von Profis eingesetzt \u2013 online und im Studio B\u00f6blingen-Hildrizhausen erh\u00e4ltlich.<\/p>\n","protected":false},"author":1,"featured_media":0,"parent":0,"menu_order":0,"comment_status":"closed","ping_status":"closed","template":"elementor_header_footer","meta":{"footnotes":""},"class_list":["post-15368","page","type-page","status-publish","hentry"],"jetpack_sharing_enabled":true,"_links":{"self":[{"href":"https:\/\/youarepretty.de\/b2b\/wp-json\/wp\/v2\/pages\/15368","targetHints":{"allow":["GET"]}}],"collection":[{"href":"https:\/\/youarepretty.de\/b2b\/wp-json\/wp\/v2\/pages"}],"about":[{"href":"https:\/\/youarepretty.de\/b2b\/wp-json\/wp\/v2\/types\/page"}],"author":[{"embeddable":true,"href":"https:\/\/youarepretty.de\/b2b\/wp-json\/wp\/v2\/users\/1"}],"replies":[{"embeddable":true,"href":"https:\/\/youarepretty.de\/b2b\/wp-json\/wp\/v2\/comments?post=15368"}],"version-history":[{"count":5,"href":"https:\/\/youarepretty.de\/b2b\/wp-json\/wp\/v2\/pages\/15368\/revisions"}],"predecessor-version":[{"id":21080,"href":"https:\/\/youarepretty.de\/b2b\/wp-json\/wp\/v2\/pages\/15368\/revisions\/21080"}],"wp:attachment":[{"href":"https:\/\/youarepretty.de\/b2b\/wp-json\/wp\/v2\/media?parent=15368"}],"curies":[{"name":"wp","href":"https:\/\/api.w.org\/{rel}","templated":true}]}}